{"id":137,"date":"2021-03-18T22:48:28","date_gmt":"2021-03-18T21:48:28","guid":{"rendered":"https:\/\/schulze-uebersetzungen.eu\/?page_id=137"},"modified":"2021-03-18T23:37:26","modified_gmt":"2021-03-18T22:37:26","slug":"datenschutz","status":"publish","type":"page","link":"https:\/\/schulze-uebersetzungen.eu\/de\/kontakt\/datenschutz\/","title":{"rendered":"Datenschutzrichtlinie"},"content":{"rendered":"\n<p><strong>Allgemeines<\/strong><\/p>\n\n\n\n<p>Diese Website dient Ihrer Information. Personenbezogene Daten erhalte ich \u00fcber diese Website nur dann, wenn Sie mich \u00fcber die dort angegebenen Kontaktangaben kontaktieren.<\/p>\n\n\n\n<p>Diese Datenschutzrichtlinie beschreibt die Verarbeitung von personenbezogenen Daten, die schulze-\u00fcbersetzungen (\u201eschulze-\u00fcbersetzungen\u201d) \u00fcber Sie sammelt, zum Beispiel, wenn Sie sich per E-Mail, SMS oder telefonisch mit mir in Verbindung setzen.<\/p>\n\n\n\n<p>Mit \u201epersonenbezogene Daten\u201c werden Daten bezeichnet, die Sie betreffen und anhand derer Sie identifiziert werden k\u00f6nnen. In dieser Datenschutzrichtlinie werden nebeneinander die Begriffe \u201epersonenbezogene Daten\u201c und \u201eIhre Daten\u201c synonym verwendet.<\/p>\n\n\n\n<p>Ich verweise auf die gesetzliche Lage und beziehen mich nachfolgend auf die Datenschutz-Grundverordnung&nbsp;(eng. General Data Protection Regulation, GDPR) und geltendes schwedisches Recht zum Datenschutz.<\/p>\n\n\n\n<p><strong>1.&nbsp;&nbsp;&nbsp;&nbsp;<\/strong><strong>&nbsp;Name und Kontaktdaten des Datenverantwortlichen<\/strong><\/p>\n\n\n\n<p>Angelika Schulze<\/p>\n\n\n\n<p>Diplom-\u00dcbersetzerin<\/p>\n\n\n\n<p>Kabelstigen 13 G<\/p>\n\n\n\n<p>SE \u2013 574 37 Vetlanda<\/p>\n\n\n\n<p>Organisationsnummer: 6512291888<\/p>\n\n\n\n<p>Tel.: +46 73 9761606<\/p>\n\n\n\n<p>E-Mail:&nbsp;<a href=\"mailto:info@schulze-uebersetzungen.eu\">info@schulze-uebersetzungen.eu<\/a><\/p>\n\n\n\n<p><strong>2.&nbsp;&nbsp;&nbsp;&nbsp;<\/strong><strong>Welche Daten werden \u00fcber Sie erhoben, verarbeitet und genutzt?<\/strong><\/p>\n\n\n\n<p>Personenbezogene Daten, die von Ihnen erhoben werden, k\u00f6nnen unter anderem sein:<\/p>\n\n\n\n<p><a><strong>Personen- und Kontaktangaben<\/strong><\/a>&nbsp;&#8211; z.&nbsp;B. Ihr Name, Ihre Adresse, E-Mail-Anschrift und Telefonnummer, gelegentlich auch demographische oder gesundheitsbezogene Daten.<\/p>\n\n\n\n<p>Diese Daten k\u00f6nnen digital in Form einer Excel- oder Word-Tabelle mit Kundendaten oder im Adressbuch meines E-Mail-Programms gespeichert werden oder in zu \u00fcbersetzenden Textdateien vorliegen, die auf der Festplatte meines PCs, einer externen Festplatte oder dem Server von schulze-\u00fcbersetzungen gespeichert werden.<\/p>\n\n\n\n<p>Personenbezogene Daten werden zu folgenden Personengruppen erhoben:<\/p>\n\n\n\n<p>&#8211;&nbsp;&nbsp;&nbsp;<strong>Kunden:<\/strong>&nbsp;Adress- und Kontaktdaten, Vertragsdaten, Abrechnungsdaten, Zahlungsdaten und Betreuungsinformationen.<\/p>\n\n\n\n<p>&#8211;&nbsp;&nbsp;&nbsp;<strong>Unterauftragnehmer und Lieferanten:<\/strong>&nbsp;Adress- und Kontaktdaten, Vertragsdaten, Abrechnungsdaten<\/p>\n\n\n\n<p>&#8211;&nbsp;&nbsp;&nbsp;<strong>Interessenten:<\/strong>&nbsp;Adress- und Kontaktdaten<\/p>\n\n\n\n<p>Hauptzweck der Erhebung, Verarbeitung und Nutzung Ihrer personenbezogenen Daten ist die Vertragsabwicklung, d.&nbsp;h. die Erbringung der Dienstleistungen, die Gegenstand meines Unternehmens sind (\u00dcbersetzung, Pr\u00fcfung und Bearbeitung von Texten in verschiedenen Sprachen). Daneben dienen sie der Kunden- und Lieferantenverwalten und der Interessentenbetreuung.<\/p>\n\n\n\n<p><strong>Technische Daten<\/strong>&nbsp;zu Ihrem Ger\u00e4t oder Ihrer Internetverbindung, beispielsweise die IP-Adresse, wenn Sie meine Website besuchen.<\/p>\n\n\n\n<p><a>Beim Aufruf einer unserer Seiten werden von Ihrem Browser automatisch Zugriffsdaten an den Server unserer Website \u00fcbermittelt und tempor\u00e4r in einer Protokolldatei bei unserem Provider gespeichert. Diese Zugriffsdaten sind: IP-Adresse Ihres Rechners, Datum und Uhr\u00adzeit des Zugriffs, Name und URL der abgerufenen Datei, Referrer URL (Website, von der aus der Zugriff erfolgt), verwendete(r) Browsertyp und -version, ggf. Betriebssystem sowie Hostname des zugreifenden Rechners. Zweck dieser Datenerhebung ist die Gew\u00e4hrleistung eines reibungslosen Verbindungsaufbaus sowie einer komfortablen Nutzung der Website und die Auswertung der Systemsicherheit und -stabilit\u00e4t. Dies stellt ein berechtigtes Inte\u00adresse im Sinne des Art.&nbsp;6&nbsp;(1)&nbsp;(f)&nbsp;DSGVO dar. Wir werden diese Informationen in keinem Fall dazu verwenden, R\u00fcckschl\u00fcsse auf Ihre Person zu ziehen. Die L\u00f6schung dieser Daten erfolgt automatisiert.<\/a><\/p>\n\n\n\n<p><strong>3.&nbsp;&nbsp;&nbsp;&nbsp;<\/strong><strong>Zweck und Rechtm\u00e4\u00dfigkeit der Datenverarbeitung<\/strong><\/p>\n\n\n\n<p>Sie haben Ihre Einwilligung zur Erhebung und Verarbeitung Ihrer personenbezogenen Daten gegeben.<\/p>\n\n\n\n<p>Rechtsgrundlage:&nbsp;Art. 6 (1) (a) DSGVO<\/p>\n\n\n\n<p>Hauptzweck der Erhebung, Verarbeitung und Nutzung Ihrer personenbezogenen Daten ist die Vertragsabwicklung, d.&nbsp;h. die Erbringung der Dienstleistungen, die Gegenstand meines Unternehmens sind (\u00dcbersetzung, Pr\u00fcfung und Bearbeitung von Texten in verschiednen Sprachen, Bearbeitung von Fragen oder Reklamationen). Daneben dienen sie der Kunden- und Lieferantenverwalten und der Interessentenbetreuung.<\/p>\n\n\n\n<p>Rechtsgrundlage:&nbsp;Art. 6 (1) (b) DSGVO<\/p>\n\n\n\n<p>Die Verarbeitung Ihrer personenbezogenen Daten ist zur Erf\u00fcllung einer rechtlichen Verpflichtung erforderlich.<\/p>\n\n\n\n<p>Rechtsgrundlage:&nbsp;Art. 6 (1) (c) DSGVO<\/p>\n\n\n\n<p>Ihre Daten k\u00f6nnen von mir dazu verwendet werden, Sie per Post oder E-Mail auf mein Leistungsangebot aufmerksam zu machen. Das berechtigte Interesse von schulze-\u00fcbersetzungen an dieser Art der Verarbeitung von personenbezogenen Daten besteht darin, die Gesch\u00e4ftsbeziehung zu Ihnen zu st\u00e4rken oder Sie \u00fcber mein Leistungsangebot zu informieren.<\/p>\n\n\n\n<p>Rechtsgrundlage:&nbsp;Art. 6 (1) (f) DSGVO<\/p>\n\n\n\n<p><strong>4.&nbsp;&nbsp;&nbsp;&nbsp;<\/strong><strong>Weitergaben Ihrer Daten<\/strong><\/p>\n\n\n\n<p>Ihre Daten werden nur von mir und ausgew\u00e4hlten Dritten verwendet. Eine Weitergabe erfolgt nur an:<\/p>\n\n\n\n<p>&#8211;&nbsp;&nbsp;&nbsp;Dritte, die ich zur Unterst\u00fctzung der Durchf\u00fchrung meiner Dienstleistung beauftrage (d.&nbsp;h. die Untervergabe von \u00dcbersetzungsdienstleistungen an Dritte). Diese d\u00fcrfen Ihre personenbezogenen Daten nur in meinem Auftrag und f\u00fcr die spezifischen Aufgaben, die sie in meinem Namen nach meiner Anweisung durchf\u00fchren, verwenden und werden als Auftragsdatenverarbeiter f\u00fcr mich t\u00e4tig. Sie sind verpflichtet, Ihre personenbezogenen Daten vertraulich zu behandeln und sicher aufzubewahren (Art. 6 (1) (b) DSGVO). Sofern eine gesetzliche Verpflichtung besteht, steht Ihnen das Recht zu, eine Liste \u00fcber etwaige Auftragsdatenverarbeiter, die Ihre personenbezogenen Daten in meinem Auftrag verarbeiten, zu verlangen.<\/p>\n\n\n\n<p>&#8211;&nbsp;&nbsp;&nbsp;In bestimmten anderen F\u00e4llen kann ich gesetzlich dazu verpflichtet sein, personenbezogene Daten weiterzugeben (Art. 6 (1) (c) DSGVO).<\/p>\n\n\n\n<p>Eine weitergehende \u00dcbermittlung personenbezogener Daten erfolgt nicht.<\/p>\n\n\n\n<p><strong>5.&nbsp;&nbsp;&nbsp;&nbsp;<\/strong><strong>Informationen zu Cookies<\/strong><\/p>\n\n\n\n<p>Wir verwenden keine Cookies auf meiner Website und in meiner E-Mail-Kommunikation.<\/p>\n\n\n\n<p><strong>6.&nbsp;&nbsp;&nbsp;&nbsp;<\/strong><strong>Ihre Rechte<\/strong><\/p>\n\n\n\n<p>Ihnen steht das Recht zu,&nbsp;<strong>Auskunft<\/strong>&nbsp;\u00fcber personenbezogenen Daten, die ich von Ihnen habe, zu verlangen. Dazu m\u00fcssen Sie sich ausweisen und eindeutig angeben, welche Informationen Sie erhalten m\u00f6chten.&nbsp;Dieser Antrag ist schriftlich und eigenh\u00e4ndig von Ihnen unterzeichnet an die unter Punkt 1 angegebene Adresse zu senden. Ich werde Ihrem Wunsch schnellstm\u00f6glich, sp\u00e4testens innerhalb von einem Monat, entsprechen. Sollte ich Ihrem Wunsch nicht nachkommen k\u00f6nnen, werde ich Sie dar\u00fcber benachrichtigen und den Grund daf\u00fcr angeben.<\/p>\n\n\n\n<p>Wenn Sie der Ansicht sind, dass Ihre Daten nicht korrekt oder unvollst\u00e4ndig sind, k\u00f6nnen Sie sich mit der Bitte um&nbsp;<strong>Berichtigung<\/strong>&nbsp;im gesetzlich erlaubten Rahmen an mich wenden. Ich werde Ihre Daten so schnell es mir m\u00f6glich ist berichtigen oder aktualisieren.<\/p>\n\n\n\n<p>Sie haben soweit gesetzlich vorgeschrieben au\u00dferdem das Recht, die&nbsp;<strong>L\u00f6schung<\/strong>&nbsp;Ihrer Daten zu verlangen oder die Verarbeitung Ihrer Daten einzuschr\u00e4nken oder Ihr Einverst\u00e4ndnis zu widerrufen.<\/p>\n\n\n\n<p>Sie haben das Recht, sich die personenbezogenen Daten, die sie uns mitgeteilt haben, in einem g\u00e4ngigen Format aush\u00e4ndigen zu lassen, und das Recht eines Umzugs der bei mir gespeicherten, personenbezogenen Daten zu einem anderen Datenverantwortlichen (<strong>Daten\u00fcbertragbarkeit<\/strong>).<\/p>\n\n\n\n<p>Sie haben das Recht auf&nbsp;<strong>Einschr\u00e4nkung<\/strong>&nbsp;der Verarbeitung soweit dem nicht gesetzliche Vorschriften oder vertragliche Vereinbarungen entgegenstehen.<\/p>\n\n\n\n<p>Bitte beachten Sie, dass ich m\u00f6glicherweise zur Einhaltung gesetzlicher Bestimmungen oder vertraglicher Vereinbarungen gezwungen sein k\u00f6nnte, bestimmte personenbezogene Daten im Zusammenhang mit einer L\u00f6schung, dem Widerruf der Zustimmung oder einem Datenumzug auch weiterhin zu speichern. M\u00f6glicherweise steht es mir dar\u00fcber hinaus von Gesetz wegen zu, bestimmte personenbezogene Daten zur Erf\u00fcllung meiner Gesch\u00e4ftsinteressen aufzubewahren.<\/p>\n\n\n\n<p>Sie haben das Recht auf&nbsp;<strong>Widerruf Ihrer Einwilligung<\/strong>&nbsp;zur Verarbeitung Ihrer personenbezogenen Daten.<\/p>\n\n\n\n<p><strong>7.&nbsp;&nbsp;&nbsp;&nbsp;<\/strong><strong>Wie lang werden Ihre personenbezogenen Daten gespeichert?<\/strong><\/p>\n\n\n\n<p>schulze-\u00fcbersetzungen speichert Ihre personenbezogenen Daten nur so lange, wie dies f\u00fcr die in dieser Datenschutzrichtlinie genannten Zwecke erforderlich, gesetzlich gefordert oder vertraglich vereinbart ist.&nbsp;Wenn Ihre personenbezogenen Daten f\u00fcr die Zwecke, f\u00fcr die sie erhoben wurden, nicht mehr ben\u00f6tigt werden oder aufgrund gesetzlicher Bestimmungen oder vertraglicher Vereinbarungen nicht mehr aufbewahrt werden m\u00fcssen, werden sie gel\u00f6scht.<\/p>\n\n\n\n<p><strong>8.&nbsp;&nbsp;&nbsp;&nbsp;<\/strong><strong>Was unternehme ich zum Schutz Ihrer Daten?<\/strong><\/p>\n\n\n\n<p>Unsere Website nutzt aus Sicherheitsgr\u00fcnden eine SSL-Verschl\u00fcsselung. Die verschl\u00fcsselte \u00dcbertragung einer Seite unseres Internetauftritts erkennen Sie daran, dass in der Adress\u00adzeile des Browsers \u201ehttps:\/\/\u201c statt lediglich \u201ehttp:\/\/\u201c erscheint und an dem Schloss-Symbol in der unteren Statusleiste Ihres Browsers.<\/p>\n\n\n\n<p>Um einen unerlaubten Zugriff, Verwendung, \u00c4nderung, Vernichtung oder Weitergabe zu verhindern, habe ich geeignete und angemessene Standards zum Schutz und zur Sicherung Ihrer von mir verarbeiteten Daten eingef\u00fchrt. Diese Ma\u00dfnahmen dienen der Verhinderung einer unerlaubten oder ungesetzlichen Verarbeitung Ihrer Daten und beugen unbeabsichtigtem Verlust, Zerst\u00f6rung oder Besch\u00e4digung dieser Daten vor.<\/p>\n\n\n\n<p>Sollte eine Datenschutzverletzung aufgedeckt werden, muss der Vorfall wie gesetzlich vorgeschrieben innerhalb von 72 h an&nbsp;<em>Datainspektionen<\/em>&nbsp;und an Sie gemeldet werden.<\/p>\n\n\n\n<p><strong>9.&nbsp;&nbsp;&nbsp;&nbsp;<\/strong><strong>Links zu anderen Websites<\/strong><\/p>\n\n\n\n<p>Bitte beachten Sie, dass es auf dieser Website Links zu anderen Websites geben kann. Wenn Sie einen solchen Link anklicken, k\u00f6nnen Sie auf andere Websites weitergeleitet werden, die andere Regelungen f\u00fcr den Schutz der Privatsph\u00e4re vorsehen, als die, die in dieser Datenschutzrichtlinie aufgef\u00fchrt sind.<\/p>\n\n\n\n<p><strong>10.&nbsp;&nbsp;<\/strong><strong>Beschwerden und Schadensersatz<\/strong><\/p>\n\n\n\n<p>Wenn Sie der Ansicht sind, dass die Verarbeitung Ihrer Daten in unsachgem\u00e4\u00dfer Weise erfolgt ist, bitte ich Sie, mir dies schnellstm\u00f6glich mitzuteilen. Dar\u00fcber hinaus haben Sie das Recht zur Beschwerde bei einer Aufsichtsbeh\u00f6rde (<em>Datainspektionen)<\/em><\/p>\n\n\n\n<p><a><strong>11.&nbsp;&nbsp;<\/strong><strong>Automatisierte Entscheidungsfindung<\/strong><\/a><\/p>\n\n\n\n<p>Wir nutzen keine Form der automatisierten Entscheidungsfindung, auch kein Profiling&nbsp;(Art.&nbsp;22&nbsp;(1)&nbsp;DSGVO).<\/p>\n","protected":false},"excerpt":{"rendered":"<p>Allgemeines Diese Website dient Ihrer Information. Personenbezogene Daten erhalte ich \u00fcber diese Website nur dann, wenn Sie mich \u00fcber die dort angegebenen Kontaktangaben kontaktieren. Diese Datenschutzrichtlinie beschreibt die Verarbeitung von personenbezogenen Daten, die schulze-\u00fcbersetzungen (\u201eschulze-\u00fcbersetzungen\u201d) \u00fcber Sie sammelt, zum Beispiel, wenn Sie sich per E-Mail, SMS oder telefonisch mit mir in Verbindung setzen. Mit \u201epersonenbezogene&hellip; <a class=\"more-link\" href=\"https:\/\/schulze-uebersetzungen.eu\/de\/kontakt\/datenschutz\/\"><span class=\"screen-reader-text\">Datenschutzrichtlinie<\/span> weiterlesen<\/a><\/p>\n","protected":false},"author":1,"featured_media":0,"parent":77,"menu_order":2,"comment_status":"closed","ping_status":"closed","template":"","meta":{"footnotes":""},"class_list":["post-137","page","type-page","status-publish","hentry","entry"],"yoast_head":"<!-- This site is optimized with the Yoast SEO Premium plugin v26.8 (Yoast SEO v26.8) - https:\/\/yoast.com\/product\/yoast-seo-premium-wordpress\/ -->\n<title>Datenschutzrichtlinie - Schulze \u00dcbersetzungen<\/title>\n<meta name=\"robots\" content=\"index, follow, max-snippet:-1, max-image-preview:large, max-video-preview:-1\" \/>\n<link rel=\"canonical\" href=\"https:\/\/schulze-uebersetzungen.eu\/de\/kontakt\/datenschutz\/\" \/>\n<meta property=\"og:locale\" content=\"de_DE\" \/>\n<meta property=\"og:type\" content=\"article\" \/>\n<meta property=\"og:title\" content=\"Datenschutzrichtlinie\" \/>\n<meta property=\"og:description\" content=\"Allgemeines Diese Website dient Ihrer Information. Personenbezogene Daten erhalte ich \u00fcber diese Website nur dann, wenn Sie mich \u00fcber die dort angegebenen Kontaktangaben kontaktieren. Diese Datenschutzrichtlinie beschreibt die Verarbeitung von personenbezogenen Daten, die schulze-\u00fcbersetzungen (\u201eschulze-\u00fcbersetzungen\u201d) \u00fcber Sie sammelt, zum Beispiel, wenn Sie sich per E-Mail, SMS oder telefonisch mit mir in Verbindung setzen. Mit \u201epersonenbezogene&hellip; Datenschutzrichtlinie weiterlesen\" \/>\n<meta property=\"og:url\" content=\"https:\/\/schulze-uebersetzungen.eu\/de\/kontakt\/datenschutz\/\" \/>\n<meta property=\"og:site_name\" content=\"Schulze \u00dcbersetzungen\" \/>\n<meta property=\"article:modified_time\" content=\"2021-03-18T22:37:26+00:00\" \/>\n<meta name=\"twitter:card\" content=\"summary_large_image\" \/>\n<meta name=\"twitter:label1\" content=\"Gesch\u00e4tzte Lesezeit\" \/>\n\t<meta name=\"twitter:data1\" content=\"7\u00a0Minuten\" \/>\n<script type=\"application\/ld+json\" class=\"yoast-schema-graph\">{\"@context\":\"https:\/\/schema.org\",\"@graph\":[{\"@type\":\"WebPage\",\"@id\":\"https:\/\/schulze-uebersetzungen.eu\/de\/kontakt\/datenschutz\/\",\"url\":\"https:\/\/schulze-uebersetzungen.eu\/de\/kontakt\/datenschutz\/\",\"name\":\"Datenschutzrichtlinie - Schulze \u00dcbersetzungen\",\"isPartOf\":{\"@id\":\"https:\/\/schulze-uebersetzungen.eu\/de\/#website\"},\"datePublished\":\"2021-03-18T21:48:28+00:00\",\"dateModified\":\"2021-03-18T22:37:26+00:00\",\"breadcrumb\":{\"@id\":\"https:\/\/schulze-uebersetzungen.eu\/de\/kontakt\/datenschutz\/#breadcrumb\"},\"inLanguage\":\"de\",\"potentialAction\":[{\"@type\":\"ReadAction\",\"target\":[\"https:\/\/schulze-uebersetzungen.eu\/de\/kontakt\/datenschutz\/\"]}]},{\"@type\":\"BreadcrumbList\",\"@id\":\"https:\/\/schulze-uebersetzungen.eu\/de\/kontakt\/datenschutz\/#breadcrumb\",\"itemListElement\":[{\"@type\":\"ListItem\",\"position\":1,\"name\":\"Hem\",\"item\":\"https:\/\/schulze-uebersetzungen.eu\/de\/\"},{\"@type\":\"ListItem\",\"position\":2,\"name\":\"Kontakt\",\"item\":\"https:\/\/schulze-uebersetzungen.eu\/de\/kontakt\/\"},{\"@type\":\"ListItem\",\"position\":3,\"name\":\"Datenschutzrichtlinie\"}]},{\"@type\":\"WebSite\",\"@id\":\"https:\/\/schulze-uebersetzungen.eu\/de\/#website\",\"url\":\"https:\/\/schulze-uebersetzungen.eu\/de\/\",\"name\":\"Schulze \u00dcbersetzungen\",\"description\":\"Dipl.-\u00dcbersetzerin Angelika Schulze\",\"publisher\":{\"@id\":\"https:\/\/schulze-uebersetzungen.eu\/de\/#organization\"},\"potentialAction\":[{\"@type\":\"SearchAction\",\"target\":{\"@type\":\"EntryPoint\",\"urlTemplate\":\"https:\/\/schulze-uebersetzungen.eu\/de\/?s={search_term_string}\"},\"query-input\":{\"@type\":\"PropertyValueSpecification\",\"valueRequired\":true,\"valueName\":\"search_term_string\"}}],\"inLanguage\":\"de\"},{\"@type\":\"Organization\",\"@id\":\"https:\/\/schulze-uebersetzungen.eu\/de\/#organization\",\"name\":\"Schulze \u00dcbersetzungen\",\"url\":\"https:\/\/schulze-uebersetzungen.eu\/de\/\",\"logo\":{\"@type\":\"ImageObject\",\"inLanguage\":\"de\",\"@id\":\"https:\/\/schulze-uebersetzungen.eu\/de\/#\/schema\/logo\/image\/\",\"url\":\"https:\/\/schulze-uebersetzungen.eu\/wp-content\/uploads\/2021\/03\/flaggen.png\",\"contentUrl\":\"https:\/\/schulze-uebersetzungen.eu\/wp-content\/uploads\/2021\/03\/flaggen.png\",\"width\":1683,\"height\":697,\"caption\":\"Schulze \u00dcbersetzungen\"},\"image\":{\"@id\":\"https:\/\/schulze-uebersetzungen.eu\/de\/#\/schema\/logo\/image\/\"},\"sameAs\":[\"https:\/\/www.xing.com\/profile\/Angelika_Schulze6\"],\"vatID\":\"SE651229188801\",\"taxID\":\"SE651229188801\"}]}<\/script>\n<!-- \/ Yoast SEO Premium plugin. -->","yoast_head_json":{"title":"Datenschutzrichtlinie - Schulze \u00dcbersetzungen","robots":{"index":"index","follow":"follow","max-snippet":"max-snippet:-1","max-image-preview":"max-image-preview:large","max-video-preview":"max-video-preview:-1"},"canonical":"https:\/\/schulze-uebersetzungen.eu\/de\/kontakt\/datenschutz\/","og_locale":"de_DE","og_type":"article","og_title":"Datenschutzrichtlinie","og_description":"Allgemeines Diese Website dient Ihrer Information. Personenbezogene Daten erhalte ich \u00fcber diese Website nur dann, wenn Sie mich \u00fcber die dort angegebenen Kontaktangaben kontaktieren. Diese Datenschutzrichtlinie beschreibt die Verarbeitung von personenbezogenen Daten, die schulze-\u00fcbersetzungen (\u201eschulze-\u00fcbersetzungen\u201d) \u00fcber Sie sammelt, zum Beispiel, wenn Sie sich per E-Mail, SMS oder telefonisch mit mir in Verbindung setzen. Mit \u201epersonenbezogene&hellip; Datenschutzrichtlinie weiterlesen","og_url":"https:\/\/schulze-uebersetzungen.eu\/de\/kontakt\/datenschutz\/","og_site_name":"Schulze \u00dcbersetzungen","article_modified_time":"2021-03-18T22:37:26+00:00","twitter_card":"summary_large_image","twitter_misc":{"Gesch\u00e4tzte Lesezeit":"7\u00a0Minuten"},"schema":{"@context":"https:\/\/schema.org","@graph":[{"@type":"WebPage","@id":"https:\/\/schulze-uebersetzungen.eu\/de\/kontakt\/datenschutz\/","url":"https:\/\/schulze-uebersetzungen.eu\/de\/kontakt\/datenschutz\/","name":"Datenschutzrichtlinie - Schulze \u00dcbersetzungen","isPartOf":{"@id":"https:\/\/schulze-uebersetzungen.eu\/de\/#website"},"datePublished":"2021-03-18T21:48:28+00:00","dateModified":"2021-03-18T22:37:26+00:00","breadcrumb":{"@id":"https:\/\/schulze-uebersetzungen.eu\/de\/kontakt\/datenschutz\/#breadcrumb"},"inLanguage":"de","potentialAction":[{"@type":"ReadAction","target":["https:\/\/schulze-uebersetzungen.eu\/de\/kontakt\/datenschutz\/"]}]},{"@type":"BreadcrumbList","@id":"https:\/\/schulze-uebersetzungen.eu\/de\/kontakt\/datenschutz\/#breadcrumb","itemListElement":[{"@type":"ListItem","position":1,"name":"Hem","item":"https:\/\/schulze-uebersetzungen.eu\/de\/"},{"@type":"ListItem","position":2,"name":"Kontakt","item":"https:\/\/schulze-uebersetzungen.eu\/de\/kontakt\/"},{"@type":"ListItem","position":3,"name":"Datenschutzrichtlinie"}]},{"@type":"WebSite","@id":"https:\/\/schulze-uebersetzungen.eu\/de\/#website","url":"https:\/\/schulze-uebersetzungen.eu\/de\/","name":"Schulze \u00dcbersetzungen","description":"Dipl.-\u00dcbersetzerin Angelika Schulze","publisher":{"@id":"https:\/\/schulze-uebersetzungen.eu\/de\/#organization"},"potentialAction":[{"@type":"SearchAction","target":{"@type":"EntryPoint","urlTemplate":"https:\/\/schulze-uebersetzungen.eu\/de\/?s={search_term_string}"},"query-input":{"@type":"PropertyValueSpecification","valueRequired":true,"valueName":"search_term_string"}}],"inLanguage":"de"},{"@type":"Organization","@id":"https:\/\/schulze-uebersetzungen.eu\/de\/#organization","name":"Schulze \u00dcbersetzungen","url":"https:\/\/schulze-uebersetzungen.eu\/de\/","logo":{"@type":"ImageObject","inLanguage":"de","@id":"https:\/\/schulze-uebersetzungen.eu\/de\/#\/schema\/logo\/image\/","url":"https:\/\/schulze-uebersetzungen.eu\/wp-content\/uploads\/2021\/03\/flaggen.png","contentUrl":"https:\/\/schulze-uebersetzungen.eu\/wp-content\/uploads\/2021\/03\/flaggen.png","width":1683,"height":697,"caption":"Schulze \u00dcbersetzungen"},"image":{"@id":"https:\/\/schulze-uebersetzungen.eu\/de\/#\/schema\/logo\/image\/"},"sameAs":["https:\/\/www.xing.com\/profile\/Angelika_Schulze6"],"vatID":"SE651229188801","taxID":"SE651229188801"}]}},"_links":{"self":[{"href":"https:\/\/schulze-uebersetzungen.eu\/de\/wp-json\/wp\/v2\/pages\/137","targetHints":{"allow":["GET"]}}],"collection":[{"href":"https:\/\/schulze-uebersetzungen.eu\/de\/wp-json\/wp\/v2\/pages"}],"about":[{"href":"https:\/\/schulze-uebersetzungen.eu\/de\/wp-json\/wp\/v2\/types\/page"}],"author":[{"embeddable":true,"href":"https:\/\/schulze-uebersetzungen.eu\/de\/wp-json\/wp\/v2\/users\/1"}],"replies":[{"embeddable":true,"href":"https:\/\/schulze-uebersetzungen.eu\/de\/wp-json\/wp\/v2\/comments?post=137"}],"version-history":[{"count":1,"href":"https:\/\/schulze-uebersetzungen.eu\/de\/wp-json\/wp\/v2\/pages\/137\/revisions"}],"predecessor-version":[{"id":138,"href":"https:\/\/schulze-uebersetzungen.eu\/de\/wp-json\/wp\/v2\/pages\/137\/revisions\/138"}],"up":[{"embeddable":true,"href":"https:\/\/schulze-uebersetzungen.eu\/de\/wp-json\/wp\/v2\/pages\/77"}],"wp:attachment":[{"href":"https:\/\/schulze-uebersetzungen.eu\/de\/wp-json\/wp\/v2\/media?parent=137"}],"curies":[{"name":"wp","href":"https:\/\/api.w.org\/{rel}","templated":true}]}}