{"id":36,"date":"2021-03-18T18:11:26","date_gmt":"2021-03-18T17:11:26","guid":{"rendered":"https:\/\/schulze-uebersetzungen.eu\/?page_id=36"},"modified":"2025-11-08T14:21:40","modified_gmt":"2025-11-08T13:21:40","slug":"willkommen","status":"publish","type":"page","link":"https:\/\/schulze-uebersetzungen.eu\/de\/","title":{"rendered":"Fach\u00fcbersetzungsdienst"},"content":{"rendered":"\n<h2 class=\"wp-block-heading\">Herzlich Willkommen!<\/h2>\n\n\n\n<p>Sprache ist Kommunikation. Und Kommunikation verbindet Menschen.<\/p>\n\n\n\n<div class=\"wp-block-group\"><div class=\"wp-block-group__inner-container is-layout-constrained wp-block-group-is-layout-constrained\">\n<figure class=\"wp-block-image size-large is-style-default\"><img loading=\"lazy\" decoding=\"async\" width=\"768\" height=\"1024\" src=\"https:\/\/schulze-uebersetzungen.eu\/wp-content\/uploads\/2024\/06\/LOW-240420-1_461-2-768x1024.jpg\" alt=\"Angelika Schulze\" class=\"wp-image-252\" style=\"object-fit:cover\" srcset=\"https:\/\/schulze-uebersetzungen.eu\/wp-content\/uploads\/2024\/06\/LOW-240420-1_461-2-768x1024.jpg 768w, https:\/\/schulze-uebersetzungen.eu\/wp-content\/uploads\/2024\/06\/LOW-240420-1_461-2-225x300.jpg 225w, https:\/\/schulze-uebersetzungen.eu\/wp-content\/uploads\/2024\/06\/LOW-240420-1_461-2-9x12.jpg 9w, https:\/\/schulze-uebersetzungen.eu\/wp-content\/uploads\/2024\/06\/LOW-240420-1_461-2.jpg 1125w\" sizes=\"auto, (max-width: 768px) 100vw, 768px\" \/><\/figure>\n\n\n\n<p><\/p>\n\n\n\n<p>Damit Ihre Kommunikation \u00fcber Sprachgrenzen hinweg gelingt, unterst\u00fctze ich Sie mit \u00dcbersetzungsdienstleistungen in den Sprachen <a href=\"https:\/\/schulze-uebersetzungen.eu\/de\/leistungen\/\" title=\"Englisch, Schwedisch und Spanisch\">Englisch &#8211; Deutsch, Schwedisch &#8211; Deutsch und Spanisch &#8211; Deutsch<\/a>. Als \u00f6ffentlich bestellte und beeidigte Urkunden\u00fcbersetzerin f\u00fcr die spanische Sprache bin ich befugt, die Richtigkeit und Vollst\u00e4ndigkeit der \u00dcbersetzung von Urkunden und anderen Dokumenten zu best\u00e4tigen.<\/p>\n<\/div><\/div>\n\n\n\n<p>Hinter gut verst\u00e4ndlichen \u00dcbersetzungen steckt viel handwerkliches Wissen, Erfahrung, Einf\u00fchlungsverm\u00f6gen und nicht zuletzt auch Leidenschaft und der spielerische Hang, aus Texten das Beste herauszuholen. Dabei ist f\u00fcr mich pr\u00e4zise Terminologierecherche ebenso selbstverst\u00e4ndlich wie die Einhaltung von zugesicherten Terminen.<\/p>\n\n\n\n<p>Eine hochwertige \u00dcbersetzung anzufertigen ben\u00f6tigt seine Zeit, planen Sie daher ausreichend Zeit f\u00fcr den \u00dcbersetzungsprozess ein. Ich k\u00fcmmere mich kompetent und zuverl\u00e4ssig um Ihr Anliegen und sorge f\u00fcr den richtigen Ton. Profitieren Sie von \u00fcber 15 Jahren Berufserfahrung.<\/p>\n\n\n\n<p>Weil \u00dcbersetzen Vertrauenssache ist.<\/p>\n\n\n<div class=\"wp-block-image\">\n<figure class=\"aligncenter size-large\"><a href=\"https:\/\/members.bdue.de\/Angelika-Schulze\" target=\"_blank\" rel=\"noopener\"><img loading=\"lazy\" decoding=\"async\" width=\"104\" height=\"100\" src=\"https:\/\/schulze-uebersetzungen.eu\/wp-content\/uploads\/2021\/03\/BDUE_Mitgliederlogo.jpg\" alt=\"\" class=\"wp-image-37\"\/><\/a><\/figure>\n<\/div>\n\n<div class=\"wp-block-image\">\n<figure class=\"aligncenter size-large is-resized\"><a href=\"https:\/\/sfoe.se\/en\/profile\/1481\" target=\"_blank\" rel=\"noreferrer noopener\"><img loading=\"lazy\" decoding=\"async\" width=\"1024\" height=\"279\" src=\"https:\/\/schulze-uebersetzungen.eu\/wp-content\/uploads\/2024\/05\/SFO_logo_RGB-Ny-logo-2-1024x279.jpg\" alt=\"\" class=\"wp-image-226\" style=\"width:272px;height:auto\" srcset=\"https:\/\/schulze-uebersetzungen.eu\/wp-content\/uploads\/2024\/05\/SFO_logo_RGB-Ny-logo-2-1024x279.jpg 1024w, https:\/\/schulze-uebersetzungen.eu\/wp-content\/uploads\/2024\/05\/SFO_logo_RGB-Ny-logo-2-300x82.jpg 300w, https:\/\/schulze-uebersetzungen.eu\/wp-content\/uploads\/2024\/05\/SFO_logo_RGB-Ny-logo-2-768x209.jpg 768w, https:\/\/schulze-uebersetzungen.eu\/wp-content\/uploads\/2024\/05\/SFO_logo_RGB-Ny-logo-2-1536x419.jpg 1536w, https:\/\/schulze-uebersetzungen.eu\/wp-content\/uploads\/2024\/05\/SFO_logo_RGB-Ny-logo-2-2048x558.jpg 2048w, https:\/\/schulze-uebersetzungen.eu\/wp-content\/uploads\/2024\/05\/SFO_logo_RGB-Ny-logo-2-18x5.jpg 18w, https:\/\/schulze-uebersetzungen.eu\/wp-content\/uploads\/2024\/05\/SFO_logo_RGB-Ny-logo-2-1568x428.jpg 1568w\" sizes=\"auto, (max-width: 1024px) 100vw, 1024px\" \/><\/a><\/figure>\n<\/div>","protected":false},"excerpt":{"rendered":"<p>Herzlich Willkommen! Sprache ist Kommunikation. Und Kommunikation verbindet Menschen. Damit Ihre Kommunikation \u00fcber Sprachgrenzen hinweg gelingt, unterst\u00fctze ich Sie mit \u00dcbersetzungsdienstleistungen in den Sprachen Englisch &#8211; Deutsch, Schwedisch &#8211; Deutsch und Spanisch &#8211; Deutsch. Als \u00f6ffentlich bestellte und beeidigte Urkunden\u00fcbersetzerin f\u00fcr die spanische Sprache bin ich befugt, die Richtigkeit und Vollst\u00e4ndigkeit der \u00dcbersetzung von Urkunden&hellip; <a class=\"more-link\" href=\"https:\/\/schulze-uebersetzungen.eu\/de\/\"><span class=\"screen-reader-text\">Fach\u00fcbersetzungsdienst<\/span> weiterlesen<\/a><\/p>\n","protected":false},"author":1,"featured_media":0,"parent":0,"menu_order":0,"comment_status":"closed","ping_status":"closed","template":"","meta":{"footnotes":""},"class_list":["post-36","page","type-page","status-publish","hentry","entry"],"yoast_head":"<!-- This site is optimized with the Yoast SEO Premium plugin v26.8 (Yoast SEO v26.8) - https:\/\/yoast.com\/product\/yoast-seo-premium-wordpress\/ -->\n<title>Fach\u00fcbersetzungsdienst - Schulze \u00dcbersetzungen<\/title>\n<meta name=\"robots\" content=\"index, follow, max-snippet:-1, max-image-preview:large, max-video-preview:-1\" \/>\n<link rel=\"canonical\" href=\"https:\/\/schulze-uebersetzungen.eu\/de\/\" \/>\n<meta property=\"og:locale\" content=\"de_DE\" \/>\n<meta property=\"og:type\" content=\"article\" \/>\n<meta property=\"og:title\" content=\"Fach\u00fcbersetzungsdienst\" \/>\n<meta property=\"og:description\" content=\"Herzlich Willkommen! Sprache ist Kommunikation. Und Kommunikation verbindet Menschen. Damit Ihre Kommunikation \u00fcber Sprachgrenzen hinweg gelingt, unterst\u00fctze ich Sie mit \u00dcbersetzungsdienstleistungen in den Sprachen Englisch &#8211; Deutsch, Schwedisch &#8211; Deutsch und Spanisch &#8211; Deutsch. Als \u00f6ffentlich bestellte und beeidigte Urkunden\u00fcbersetzerin f\u00fcr die spanische Sprache bin ich befugt, die Richtigkeit und Vollst\u00e4ndigkeit der \u00dcbersetzung von Urkunden&hellip; Fach\u00fcbersetzungsdienst weiterlesen\" \/>\n<meta property=\"og:url\" content=\"https:\/\/schulze-uebersetzungen.eu\/de\/\" \/>\n<meta property=\"og:site_name\" content=\"Schulze \u00dcbersetzungen\" \/>\n<meta property=\"article:modified_time\" content=\"2025-11-08T13:21:40+00:00\" \/>\n<meta property=\"og:image\" content=\"https:\/\/schulze-uebersetzungen.eu\/wp-content\/uploads\/2024\/06\/LOW-240420-1_461-2-768x1024.jpg\" \/>\n<meta name=\"twitter:card\" content=\"summary_large_image\" \/>\n<meta name=\"twitter:label1\" content=\"Gesch\u00e4tzte Lesezeit\" \/>\n\t<meta name=\"twitter:data1\" content=\"1\u00a0Minute\" \/>\n<script type=\"application\/ld+json\" class=\"yoast-schema-graph\">{\"@context\":\"https:\/\/schema.org\",\"@graph\":[{\"@type\":\"WebPage\",\"@id\":\"https:\/\/schulze-uebersetzungen.eu\/de\/\",\"url\":\"https:\/\/schulze-uebersetzungen.eu\/de\/\",\"name\":\"Fach\u00fcbersetzungsdienst - Schulze \u00dcbersetzungen\",\"isPartOf\":{\"@id\":\"https:\/\/schulze-uebersetzungen.eu\/de\/#website\"},\"primaryImageOfPage\":{\"@id\":\"https:\/\/schulze-uebersetzungen.eu\/de\/#primaryimage\"},\"image\":{\"@id\":\"https:\/\/schulze-uebersetzungen.eu\/de\/#primaryimage\"},\"thumbnailUrl\":\"https:\/\/schulze-uebersetzungen.eu\/wp-content\/uploads\/2024\/06\/LOW-240420-1_461-2-768x1024.jpg\",\"datePublished\":\"2021-03-18T17:11:26+00:00\",\"dateModified\":\"2025-11-08T13:21:40+00:00\",\"breadcrumb\":{\"@id\":\"https:\/\/schulze-uebersetzungen.eu\/de\/#breadcrumb\"},\"inLanguage\":\"de\",\"potentialAction\":[{\"@type\":\"ReadAction\",\"target\":[\"https:\/\/schulze-uebersetzungen.eu\/de\/\"]}]},{\"@type\":\"ImageObject\",\"inLanguage\":\"de\",\"@id\":\"https:\/\/schulze-uebersetzungen.eu\/de\/#primaryimage\",\"url\":\"https:\/\/schulze-uebersetzungen.eu\/wp-content\/uploads\/2024\/06\/LOW-240420-1_461-2-768x1024.jpg\",\"contentUrl\":\"https:\/\/schulze-uebersetzungen.eu\/wp-content\/uploads\/2024\/06\/LOW-240420-1_461-2-768x1024.jpg\"},{\"@type\":\"BreadcrumbList\",\"@id\":\"https:\/\/schulze-uebersetzungen.eu\/de\/#breadcrumb\",\"itemListElement\":[{\"@type\":\"ListItem\",\"position\":1,\"name\":\"Hem\",\"item\":\"https:\/\/schulze-uebersetzungen.eu\/de\/\"},{\"@type\":\"ListItem\",\"position\":2,\"name\":\"Fach\u00fcbersetzungsdienst\"}]},{\"@type\":\"WebSite\",\"@id\":\"https:\/\/schulze-uebersetzungen.eu\/de\/#website\",\"url\":\"https:\/\/schulze-uebersetzungen.eu\/de\/\",\"name\":\"Schulze \u00dcbersetzungen\",\"description\":\"Dipl.-\u00dcbersetzerin Angelika Schulze\",\"publisher\":{\"@id\":\"https:\/\/schulze-uebersetzungen.eu\/de\/#organization\"},\"potentialAction\":[{\"@type\":\"SearchAction\",\"target\":{\"@type\":\"EntryPoint\",\"urlTemplate\":\"https:\/\/schulze-uebersetzungen.eu\/de\/?s={search_term_string}\"},\"query-input\":{\"@type\":\"PropertyValueSpecification\",\"valueRequired\":true,\"valueName\":\"search_term_string\"}}],\"inLanguage\":\"de\"},{\"@type\":\"Organization\",\"@id\":\"https:\/\/schulze-uebersetzungen.eu\/de\/#organization\",\"name\":\"Schulze \u00dcbersetzungen\",\"url\":\"https:\/\/schulze-uebersetzungen.eu\/de\/\",\"logo\":{\"@type\":\"ImageObject\",\"inLanguage\":\"de\",\"@id\":\"https:\/\/schulze-uebersetzungen.eu\/de\/#\/schema\/logo\/image\/\",\"url\":\"https:\/\/schulze-uebersetzungen.eu\/wp-content\/uploads\/2021\/03\/flaggen.png\",\"contentUrl\":\"https:\/\/schulze-uebersetzungen.eu\/wp-content\/uploads\/2021\/03\/flaggen.png\",\"width\":1683,\"height\":697,\"caption\":\"Schulze \u00dcbersetzungen\"},\"image\":{\"@id\":\"https:\/\/schulze-uebersetzungen.eu\/de\/#\/schema\/logo\/image\/\"},\"sameAs\":[\"https:\/\/www.xing.com\/profile\/Angelika_Schulze6\"],\"vatID\":\"SE651229188801\",\"taxID\":\"SE651229188801\"}]}<\/script>\n<!-- \/ Yoast SEO Premium plugin. -->","yoast_head_json":{"title":"Fach\u00fcbersetzungsdienst - Schulze \u00dcbersetzungen","robots":{"index":"index","follow":"follow","max-snippet":"max-snippet:-1","max-image-preview":"max-image-preview:large","max-video-preview":"max-video-preview:-1"},"canonical":"https:\/\/schulze-uebersetzungen.eu\/de\/","og_locale":"de_DE","og_type":"article","og_title":"Fach\u00fcbersetzungsdienst","og_description":"Herzlich Willkommen! Sprache ist Kommunikation. Und Kommunikation verbindet Menschen. Damit Ihre Kommunikation \u00fcber Sprachgrenzen hinweg gelingt, unterst\u00fctze ich Sie mit \u00dcbersetzungsdienstleistungen in den Sprachen Englisch &#8211; Deutsch, Schwedisch &#8211; Deutsch und Spanisch &#8211; Deutsch. Als \u00f6ffentlich bestellte und beeidigte Urkunden\u00fcbersetzerin f\u00fcr die spanische Sprache bin ich befugt, die Richtigkeit und Vollst\u00e4ndigkeit der \u00dcbersetzung von Urkunden&hellip; Fach\u00fcbersetzungsdienst weiterlesen","og_url":"https:\/\/schulze-uebersetzungen.eu\/de\/","og_site_name":"Schulze \u00dcbersetzungen","article_modified_time":"2025-11-08T13:21:40+00:00","og_image":[{"url":"https:\/\/schulze-uebersetzungen.eu\/wp-content\/uploads\/2024\/06\/LOW-240420-1_461-2-768x1024.jpg","type":"","width":"","height":""}],"twitter_card":"summary_large_image","twitter_misc":{"Gesch\u00e4tzte Lesezeit":"1\u00a0Minute"},"schema":{"@context":"https:\/\/schema.org","@graph":[{"@type":"WebPage","@id":"https:\/\/schulze-uebersetzungen.eu\/de\/","url":"https:\/\/schulze-uebersetzungen.eu\/de\/","name":"Fach\u00fcbersetzungsdienst - Schulze \u00dcbersetzungen","isPartOf":{"@id":"https:\/\/schulze-uebersetzungen.eu\/de\/#website"},"primaryImageOfPage":{"@id":"https:\/\/schulze-uebersetzungen.eu\/de\/#primaryimage"},"image":{"@id":"https:\/\/schulze-uebersetzungen.eu\/de\/#primaryimage"},"thumbnailUrl":"https:\/\/schulze-uebersetzungen.eu\/wp-content\/uploads\/2024\/06\/LOW-240420-1_461-2-768x1024.jpg","datePublished":"2021-03-18T17:11:26+00:00","dateModified":"2025-11-08T13:21:40+00:00","breadcrumb":{"@id":"https:\/\/schulze-uebersetzungen.eu\/de\/#breadcrumb"},"inLanguage":"de","potentialAction":[{"@type":"ReadAction","target":["https:\/\/schulze-uebersetzungen.eu\/de\/"]}]},{"@type":"ImageObject","inLanguage":"de","@id":"https:\/\/schulze-uebersetzungen.eu\/de\/#primaryimage","url":"https:\/\/schulze-uebersetzungen.eu\/wp-content\/uploads\/2024\/06\/LOW-240420-1_461-2-768x1024.jpg","contentUrl":"https:\/\/schulze-uebersetzungen.eu\/wp-content\/uploads\/2024\/06\/LOW-240420-1_461-2-768x1024.jpg"},{"@type":"BreadcrumbList","@id":"https:\/\/schulze-uebersetzungen.eu\/de\/#breadcrumb","itemListElement":[{"@type":"ListItem","position":1,"name":"Hem","item":"https:\/\/schulze-uebersetzungen.eu\/de\/"},{"@type":"ListItem","position":2,"name":"Fach\u00fcbersetzungsdienst"}]},{"@type":"WebSite","@id":"https:\/\/schulze-uebersetzungen.eu\/de\/#website","url":"https:\/\/schulze-uebersetzungen.eu\/de\/","name":"Schulze \u00dcbersetzungen","description":"Dipl.-\u00dcbersetzerin Angelika Schulze","publisher":{"@id":"https:\/\/schulze-uebersetzungen.eu\/de\/#organization"},"potentialAction":[{"@type":"SearchAction","target":{"@type":"EntryPoint","urlTemplate":"https:\/\/schulze-uebersetzungen.eu\/de\/?s={search_term_string}"},"query-input":{"@type":"PropertyValueSpecification","valueRequired":true,"valueName":"search_term_string"}}],"inLanguage":"de"},{"@type":"Organization","@id":"https:\/\/schulze-uebersetzungen.eu\/de\/#organization","name":"Schulze \u00dcbersetzungen","url":"https:\/\/schulze-uebersetzungen.eu\/de\/","logo":{"@type":"ImageObject","inLanguage":"de","@id":"https:\/\/schulze-uebersetzungen.eu\/de\/#\/schema\/logo\/image\/","url":"https:\/\/schulze-uebersetzungen.eu\/wp-content\/uploads\/2021\/03\/flaggen.png","contentUrl":"https:\/\/schulze-uebersetzungen.eu\/wp-content\/uploads\/2021\/03\/flaggen.png","width":1683,"height":697,"caption":"Schulze \u00dcbersetzungen"},"image":{"@id":"https:\/\/schulze-uebersetzungen.eu\/de\/#\/schema\/logo\/image\/"},"sameAs":["https:\/\/www.xing.com\/profile\/Angelika_Schulze6"],"vatID":"SE651229188801","taxID":"SE651229188801"}]}},"_links":{"self":[{"href":"https:\/\/schulze-uebersetzungen.eu\/de\/wp-json\/wp\/v2\/pages\/36","targetHints":{"allow":["GET"]}}],"collection":[{"href":"https:\/\/schulze-uebersetzungen.eu\/de\/wp-json\/wp\/v2\/pages"}],"about":[{"href":"https:\/\/schulze-uebersetzungen.eu\/de\/wp-json\/wp\/v2\/types\/page"}],"author":[{"embeddable":true,"href":"https:\/\/schulze-uebersetzungen.eu\/de\/wp-json\/wp\/v2\/users\/1"}],"replies":[{"embeddable":true,"href":"https:\/\/schulze-uebersetzungen.eu\/de\/wp-json\/wp\/v2\/comments?post=36"}],"version-history":[{"count":21,"href":"https:\/\/schulze-uebersetzungen.eu\/de\/wp-json\/wp\/v2\/pages\/36\/revisions"}],"predecessor-version":[{"id":271,"href":"https:\/\/schulze-uebersetzungen.eu\/de\/wp-json\/wp\/v2\/pages\/36\/revisions\/271"}],"wp:attachment":[{"href":"https:\/\/schulze-uebersetzungen.eu\/de\/wp-json\/wp\/v2\/media?parent=36"}],"curies":[{"name":"wp","href":"https:\/\/api.w.org\/{rel}","templated":true}]}}