{"id":64,"date":"2021-03-18T19:58:16","date_gmt":"2021-03-18T18:58:16","guid":{"rendered":"https:\/\/schulze-uebersetzungen.eu\/?page_id=64"},"modified":"2022-02-18T08:20:43","modified_gmt":"2022-02-18T07:20:43","slug":"leistungen","status":"publish","type":"page","link":"https:\/\/schulze-uebersetzungen.eu\/de\/leistungen\/","title":{"rendered":"Leistungen"},"content":{"rendered":"\n<h2 class=\"wp-block-heading\" id=\"fachubersetzungen\">Fach\u00fcbersetzungen<\/h2>\n\n\n\n<p>Englisch &#8211; Deutsch<br>Schwedisch &#8211; Deutsch<br>Spanisch &#8211; Deutsch<\/p>\n\n\n\n<h2 class=\"wp-block-heading\" id=\"beglaubigte-ubersetzungen\">Beglaubigte \u00dcbersetzungen<\/h2>\n\n\n\n<div class=\"wp-block-image is-style-rounded\"><figure class=\"alignleft size-large\"><img loading=\"lazy\" decoding=\"async\" width=\"180\" height=\"120\" src=\"https:\/\/schulze-uebersetzungen.eu\/wp-content\/uploads\/2021\/03\/ubersetzung.jpg\" alt=\"\" class=\"wp-image-68\"\/><figcaption>Beglaubigung<\/figcaption><\/figure><\/div>\n\n\n\n<p class=\"has-text-align-left\">F\u00fcr Urkunden und Bescheingungen, die zur Vorlage bei Beh\u00f6rden bestimmt sind, ist in der Regel die&nbsp;<a href=\"https:\/\/schulze-uebersetzungen.eu\/beglaubigungen\">&#8222;Beglaubigung&#8220;<\/a>&nbsp;der \u00dcbersetzung durch einen dazu erm\u00e4chtigten \u00dcbersetzer erforderlich, d. h. es wird die Richtigkeit und Vollst\u00e4ndigkeit der \u00dcbersetzung best\u00e4tigt (siehe auch&nbsp;<a href=\"https:\/\/schulze-uebersetzungen.eu\/fachgebiete\">Fachgebiete<\/a>). Ich bin als&nbsp;Urkunden\u00fcbersetzerin&nbsp;f\u00fcr die spanische Sprache vor dem Landgericht Stuttgart \u00f6ffentlich bestellt und beeidigt. Beglaubigte \u00dcbersetzungen haben im ganzen Gebiet der BRD G\u00fcltigkeit. Nat\u00fcrlich werden Ihre Dokumente absolut vertraulich behandelt. Ihre pers\u00f6nlichen Unterlagen sind bei mir in den besten H\u00e4nden.<\/p>\n\n\n\n<h2 class=\"wp-block-heading\" id=\"revision-korrektorat\">Revision\/Korrektorat<\/h2>\n\n\n\n<p>Die Revision umfasst die zweisprachige Pr\u00fcfung einer \u00dcbersetzung gegen den Ausgangstext. Dabei werden neben Fehlern in Grammatik, Rechtschreibung und Zeichensetzung auch die inhaltliche Richtigkeit und \u00dcbereinstimmung mit dem Ausgangstext gepr\u00fcft, sowie ob Stil und Ton der \u00dcbersetzung im Hinblick auf den Empf\u00e4nger bzw. die Zielgruppe getroffen wurde. <\/p>\n\n\n\n<p>Beim Korrektorat wird der deutsche Text auf Fehler in Grammatik, Rechtschreibung und Zeichensetzung hin \u00fcberpr\u00fcft. Auf Wunsch k\u00f6nnen aber auch stilistische Verbesserungen vorgenommen werden.<\/p>\n\n\n\n<h2 class=\"wp-block-heading\" id=\"vermittlung\">Vermittlung<\/h2>\n\n\n\n<p>Ben\u00f6tigen Sie eine andere Sprachkombination? Ich arbeite mit qualifizierten und zuverl\u00e4ssigen Kollegen in den Sprachrichtungen deutsch &#8211; englisch, deutsch &#8211; schwedisch, deutsch &#8211; spanisch und deutsch &#8211; italienisch zusammen. Sprechen Sie mich an, ich berate Sie gerne!&nbsp;<a href=\"https:\/\/schulze-uebersetzungen.eu\/kontakt\">Kontakt<\/a><\/p>\n\n\n\n<figure class=\"wp-block-embed is-type-rich is-provider-inbaddningshanterare wp-block-embed-inbaddningshanterare wp-embed-aspect-16-9 wp-has-aspect-ratio\"><div class=\"wp-block-embed__wrapper\">\n<iframe loading=\"lazy\" title=\"BD\u00dc: Dolmetscher und \u00dcbersetzer sind zwei Berufe?\" width=\"750\" height=\"422\" src=\"https:\/\/www.youtube.com\/embed\/ez9yeH6z3zI?feature=oembed\" frameborder=\"0\" allow=\"accelerometer; autoplay; clipboard-write; encrypted-media; gyroscope; picture-in-picture\" allowfullscreen><\/iframe>\n<\/div><\/figure>\n\n\n\n<p><\/p>\n","protected":false},"excerpt":{"rendered":"<p>Fach\u00fcbersetzungen Englisch &#8211; DeutschSchwedisch &#8211; DeutschSpanisch &#8211; Deutsch Beglaubigte \u00dcbersetzungen F\u00fcr Urkunden und Bescheingungen, die zur Vorlage bei Beh\u00f6rden bestimmt sind, ist in der Regel die&nbsp;&#8222;Beglaubigung&#8220;&nbsp;der \u00dcbersetzung durch einen dazu erm\u00e4chtigten \u00dcbersetzer erforderlich, d. h. es wird die Richtigkeit und Vollst\u00e4ndigkeit der \u00dcbersetzung best\u00e4tigt (siehe auch&nbsp;Fachgebiete). Ich bin als&nbsp;Urkunden\u00fcbersetzerin&nbsp;f\u00fcr die spanische Sprache vor dem Landgericht&hellip; <a class=\"more-link\" href=\"https:\/\/schulze-uebersetzungen.eu\/de\/leistungen\/\"><span class=\"screen-reader-text\">Leistungen<\/span> weiterlesen<\/a><\/p>\n","protected":false},"author":1,"featured_media":0,"parent":0,"menu_order":1,"comment_status":"closed","ping_status":"closed","template":"","meta":{"footnotes":""},"class_list":["post-64","page","type-page","status-publish","hentry","entry"],"yoast_head":"<!-- This site is optimized with the Yoast SEO Premium plugin v26.8 (Yoast SEO v26.8) - https:\/\/yoast.com\/product\/yoast-seo-premium-wordpress\/ -->\n<title>Leistungen - Schulze \u00dcbersetzungen<\/title>\n<meta name=\"robots\" content=\"index, follow, max-snippet:-1, max-image-preview:large, max-video-preview:-1\" \/>\n<link rel=\"canonical\" href=\"https:\/\/schulze-uebersetzungen.eu\/de\/leistungen\/\" \/>\n<meta property=\"og:locale\" content=\"de_DE\" \/>\n<meta property=\"og:type\" content=\"article\" \/>\n<meta property=\"og:title\" content=\"Leistungen\" \/>\n<meta property=\"og:description\" content=\"Fach\u00fcbersetzungen Englisch &#8211; DeutschSchwedisch &#8211; DeutschSpanisch &#8211; Deutsch Beglaubigte \u00dcbersetzungen F\u00fcr Urkunden und Bescheingungen, die zur Vorlage bei Beh\u00f6rden bestimmt sind, ist in der Regel die&nbsp;&#8222;Beglaubigung&#8220;&nbsp;der \u00dcbersetzung durch einen dazu erm\u00e4chtigten \u00dcbersetzer erforderlich, d. h. es wird die Richtigkeit und Vollst\u00e4ndigkeit der \u00dcbersetzung best\u00e4tigt (siehe auch&nbsp;Fachgebiete). Ich bin als&nbsp;Urkunden\u00fcbersetzerin&nbsp;f\u00fcr die spanische Sprache vor dem Landgericht&hellip; Leistungen weiterlesen\" \/>\n<meta property=\"og:url\" content=\"https:\/\/schulze-uebersetzungen.eu\/de\/leistungen\/\" \/>\n<meta property=\"og:site_name\" content=\"Schulze \u00dcbersetzungen\" \/>\n<meta property=\"article:modified_time\" content=\"2022-02-18T07:20:43+00:00\" \/>\n<meta property=\"og:image\" content=\"https:\/\/schulze-uebersetzungen.eu\/wp-content\/uploads\/2021\/03\/ubersetzung.jpg\" \/>\n<meta name=\"twitter:card\" content=\"summary_large_image\" \/>\n<meta name=\"twitter:label1\" content=\"Gesch\u00e4tzte Lesezeit\" \/>\n\t<meta name=\"twitter:data1\" content=\"1\u00a0Minute\" \/>\n<script type=\"application\/ld+json\" class=\"yoast-schema-graph\">{\"@context\":\"https:\/\/schema.org\",\"@graph\":[{\"@type\":\"WebPage\",\"@id\":\"https:\/\/schulze-uebersetzungen.eu\/de\/leistungen\/\",\"url\":\"https:\/\/schulze-uebersetzungen.eu\/de\/leistungen\/\",\"name\":\"Leistungen - Schulze \u00dcbersetzungen\",\"isPartOf\":{\"@id\":\"https:\/\/schulze-uebersetzungen.eu\/de\/#website\"},\"primaryImageOfPage\":{\"@id\":\"https:\/\/schulze-uebersetzungen.eu\/de\/leistungen\/#primaryimage\"},\"image\":{\"@id\":\"https:\/\/schulze-uebersetzungen.eu\/de\/leistungen\/#primaryimage\"},\"thumbnailUrl\":\"https:\/\/schulze-uebersetzungen.eu\/wp-content\/uploads\/2021\/03\/ubersetzung.jpg\",\"datePublished\":\"2021-03-18T18:58:16+00:00\",\"dateModified\":\"2022-02-18T07:20:43+00:00\",\"breadcrumb\":{\"@id\":\"https:\/\/schulze-uebersetzungen.eu\/de\/leistungen\/#breadcrumb\"},\"inLanguage\":\"de\",\"potentialAction\":[{\"@type\":\"ReadAction\",\"target\":[\"https:\/\/schulze-uebersetzungen.eu\/de\/leistungen\/\"]}]},{\"@type\":\"ImageObject\",\"inLanguage\":\"de\",\"@id\":\"https:\/\/schulze-uebersetzungen.eu\/de\/leistungen\/#primaryimage\",\"url\":\"https:\/\/schulze-uebersetzungen.eu\/wp-content\/uploads\/2021\/03\/ubersetzung.jpg\",\"contentUrl\":\"https:\/\/schulze-uebersetzungen.eu\/wp-content\/uploads\/2021\/03\/ubersetzung.jpg\"},{\"@type\":\"BreadcrumbList\",\"@id\":\"https:\/\/schulze-uebersetzungen.eu\/de\/leistungen\/#breadcrumb\",\"itemListElement\":[{\"@type\":\"ListItem\",\"position\":1,\"name\":\"Hem\",\"item\":\"https:\/\/schulze-uebersetzungen.eu\/de\/\"},{\"@type\":\"ListItem\",\"position\":2,\"name\":\"Leistungen\"}]},{\"@type\":\"WebSite\",\"@id\":\"https:\/\/schulze-uebersetzungen.eu\/de\/#website\",\"url\":\"https:\/\/schulze-uebersetzungen.eu\/de\/\",\"name\":\"Schulze \u00dcbersetzungen\",\"description\":\"Dipl.-\u00dcbersetzerin Angelika Schulze\",\"publisher\":{\"@id\":\"https:\/\/schulze-uebersetzungen.eu\/de\/#organization\"},\"potentialAction\":[{\"@type\":\"SearchAction\",\"target\":{\"@type\":\"EntryPoint\",\"urlTemplate\":\"https:\/\/schulze-uebersetzungen.eu\/de\/?s={search_term_string}\"},\"query-input\":{\"@type\":\"PropertyValueSpecification\",\"valueRequired\":true,\"valueName\":\"search_term_string\"}}],\"inLanguage\":\"de\"},{\"@type\":\"Organization\",\"@id\":\"https:\/\/schulze-uebersetzungen.eu\/de\/#organization\",\"name\":\"Schulze \u00dcbersetzungen\",\"url\":\"https:\/\/schulze-uebersetzungen.eu\/de\/\",\"logo\":{\"@type\":\"ImageObject\",\"inLanguage\":\"de\",\"@id\":\"https:\/\/schulze-uebersetzungen.eu\/de\/#\/schema\/logo\/image\/\",\"url\":\"https:\/\/schulze-uebersetzungen.eu\/wp-content\/uploads\/2021\/03\/flaggen.png\",\"contentUrl\":\"https:\/\/schulze-uebersetzungen.eu\/wp-content\/uploads\/2021\/03\/flaggen.png\",\"width\":1683,\"height\":697,\"caption\":\"Schulze \u00dcbersetzungen\"},\"image\":{\"@id\":\"https:\/\/schulze-uebersetzungen.eu\/de\/#\/schema\/logo\/image\/\"},\"sameAs\":[\"https:\/\/www.xing.com\/profile\/Angelika_Schulze6\"],\"vatID\":\"SE651229188801\",\"taxID\":\"SE651229188801\"}]}<\/script>\n<!-- \/ Yoast SEO Premium plugin. -->","yoast_head_json":{"title":"Leistungen - Schulze \u00dcbersetzungen","robots":{"index":"index","follow":"follow","max-snippet":"max-snippet:-1","max-image-preview":"max-image-preview:large","max-video-preview":"max-video-preview:-1"},"canonical":"https:\/\/schulze-uebersetzungen.eu\/de\/leistungen\/","og_locale":"de_DE","og_type":"article","og_title":"Leistungen","og_description":"Fach\u00fcbersetzungen Englisch &#8211; DeutschSchwedisch &#8211; DeutschSpanisch &#8211; Deutsch Beglaubigte \u00dcbersetzungen F\u00fcr Urkunden und Bescheingungen, die zur Vorlage bei Beh\u00f6rden bestimmt sind, ist in der Regel die&nbsp;&#8222;Beglaubigung&#8220;&nbsp;der \u00dcbersetzung durch einen dazu erm\u00e4chtigten \u00dcbersetzer erforderlich, d. h. es wird die Richtigkeit und Vollst\u00e4ndigkeit der \u00dcbersetzung best\u00e4tigt (siehe auch&nbsp;Fachgebiete). Ich bin als&nbsp;Urkunden\u00fcbersetzerin&nbsp;f\u00fcr die spanische Sprache vor dem Landgericht&hellip; Leistungen weiterlesen","og_url":"https:\/\/schulze-uebersetzungen.eu\/de\/leistungen\/","og_site_name":"Schulze \u00dcbersetzungen","article_modified_time":"2022-02-18T07:20:43+00:00","og_image":[{"url":"https:\/\/schulze-uebersetzungen.eu\/wp-content\/uploads\/2021\/03\/ubersetzung.jpg","type":"","width":"","height":""}],"twitter_card":"summary_large_image","twitter_misc":{"Gesch\u00e4tzte Lesezeit":"1\u00a0Minute"},"schema":{"@context":"https:\/\/schema.org","@graph":[{"@type":"WebPage","@id":"https:\/\/schulze-uebersetzungen.eu\/de\/leistungen\/","url":"https:\/\/schulze-uebersetzungen.eu\/de\/leistungen\/","name":"Leistungen - Schulze \u00dcbersetzungen","isPartOf":{"@id":"https:\/\/schulze-uebersetzungen.eu\/de\/#website"},"primaryImageOfPage":{"@id":"https:\/\/schulze-uebersetzungen.eu\/de\/leistungen\/#primaryimage"},"image":{"@id":"https:\/\/schulze-uebersetzungen.eu\/de\/leistungen\/#primaryimage"},"thumbnailUrl":"https:\/\/schulze-uebersetzungen.eu\/wp-content\/uploads\/2021\/03\/ubersetzung.jpg","datePublished":"2021-03-18T18:58:16+00:00","dateModified":"2022-02-18T07:20:43+00:00","breadcrumb":{"@id":"https:\/\/schulze-uebersetzungen.eu\/de\/leistungen\/#breadcrumb"},"inLanguage":"de","potentialAction":[{"@type":"ReadAction","target":["https:\/\/schulze-uebersetzungen.eu\/de\/leistungen\/"]}]},{"@type":"ImageObject","inLanguage":"de","@id":"https:\/\/schulze-uebersetzungen.eu\/de\/leistungen\/#primaryimage","url":"https:\/\/schulze-uebersetzungen.eu\/wp-content\/uploads\/2021\/03\/ubersetzung.jpg","contentUrl":"https:\/\/schulze-uebersetzungen.eu\/wp-content\/uploads\/2021\/03\/ubersetzung.jpg"},{"@type":"BreadcrumbList","@id":"https:\/\/schulze-uebersetzungen.eu\/de\/leistungen\/#breadcrumb","itemListElement":[{"@type":"ListItem","position":1,"name":"Hem","item":"https:\/\/schulze-uebersetzungen.eu\/de\/"},{"@type":"ListItem","position":2,"name":"Leistungen"}]},{"@type":"WebSite","@id":"https:\/\/schulze-uebersetzungen.eu\/de\/#website","url":"https:\/\/schulze-uebersetzungen.eu\/de\/","name":"Schulze \u00dcbersetzungen","description":"Dipl.-\u00dcbersetzerin Angelika Schulze","publisher":{"@id":"https:\/\/schulze-uebersetzungen.eu\/de\/#organization"},"potentialAction":[{"@type":"SearchAction","target":{"@type":"EntryPoint","urlTemplate":"https:\/\/schulze-uebersetzungen.eu\/de\/?s={search_term_string}"},"query-input":{"@type":"PropertyValueSpecification","valueRequired":true,"valueName":"search_term_string"}}],"inLanguage":"de"},{"@type":"Organization","@id":"https:\/\/schulze-uebersetzungen.eu\/de\/#organization","name":"Schulze \u00dcbersetzungen","url":"https:\/\/schulze-uebersetzungen.eu\/de\/","logo":{"@type":"ImageObject","inLanguage":"de","@id":"https:\/\/schulze-uebersetzungen.eu\/de\/#\/schema\/logo\/image\/","url":"https:\/\/schulze-uebersetzungen.eu\/wp-content\/uploads\/2021\/03\/flaggen.png","contentUrl":"https:\/\/schulze-uebersetzungen.eu\/wp-content\/uploads\/2021\/03\/flaggen.png","width":1683,"height":697,"caption":"Schulze \u00dcbersetzungen"},"image":{"@id":"https:\/\/schulze-uebersetzungen.eu\/de\/#\/schema\/logo\/image\/"},"sameAs":["https:\/\/www.xing.com\/profile\/Angelika_Schulze6"],"vatID":"SE651229188801","taxID":"SE651229188801"}]}},"_links":{"self":[{"href":"https:\/\/schulze-uebersetzungen.eu\/de\/wp-json\/wp\/v2\/pages\/64","targetHints":{"allow":["GET"]}}],"collection":[{"href":"https:\/\/schulze-uebersetzungen.eu\/de\/wp-json\/wp\/v2\/pages"}],"about":[{"href":"https:\/\/schulze-uebersetzungen.eu\/de\/wp-json\/wp\/v2\/types\/page"}],"author":[{"embeddable":true,"href":"https:\/\/schulze-uebersetzungen.eu\/de\/wp-json\/wp\/v2\/users\/1"}],"replies":[{"embeddable":true,"href":"https:\/\/schulze-uebersetzungen.eu\/de\/wp-json\/wp\/v2\/comments?post=64"}],"version-history":[{"count":11,"href":"https:\/\/schulze-uebersetzungen.eu\/de\/wp-json\/wp\/v2\/pages\/64\/revisions"}],"predecessor-version":[{"id":190,"href":"https:\/\/schulze-uebersetzungen.eu\/de\/wp-json\/wp\/v2\/pages\/64\/revisions\/190"}],"wp:attachment":[{"href":"https:\/\/schulze-uebersetzungen.eu\/de\/wp-json\/wp\/v2\/media?parent=64"}],"curies":[{"name":"wp","href":"https:\/\/api.w.org\/{rel}","templated":true}]}}