{"id":137,"date":"2021-03-18T22:48:28","date_gmt":"2021-03-18T21:48:28","guid":{"rendered":"https:\/\/schulze-uebersetzungen.eu\/?page_id=137"},"modified":"2021-03-18T23:37:26","modified_gmt":"2021-03-18T22:37:26","slug":"datenschutz","status":"publish","type":"page","link":"https:\/\/schulze-uebersetzungen.eu\/sv\/kontakt\/datenschutz\/","title":{"rendered":"Sekretesspolicy"},"content":{"rendered":"<p><strong>Allm\u00e4nt<\/strong><\/p>\n\n\n\n<p>Denna webbplats \u00e4r avsedd f\u00f6r din information. Jag f\u00e5r personuppgifter om dig bara om du sj\u00e4lv aktivt skulle kontakta mig via de kontaktuppgifter som finns p\u00e5 mit webbplats.<\/p>\n\n\n\n<p>Denna policy g\u00e4ller f\u00f6r behandling av personuppgifter som schulze-\u00fcbersetzungen (\u201dschulze-\u00fcbersetzungen\u201d) samlar in om dig som kan komma exempelvis n\u00e4r du kontaktar mig via e-post, SMS eller telefon.<\/p>\n\n\n\n<p>Med \u201dpersonuppgifter\u201d menas uppgifter som r\u00f6r dig och kan identifiera dig. I denna personuppgiftspolicy anv\u00e4nds synonymt och omv\u00e4xlande begreppen \u201dpersonuppgifter\u201d och \u201duppgifter om dig\u201d.<\/p>\n\n\n\n<p>Jag v\u00e4rnar om din personliga integritet. Denna policy reglerar hur jag samlar in, anv\u00e4nder och skyddar uppgifter om dig och hur du kan tillvarata dina r\u00e4ttigheter. V\u00e4nligen kontakta mig om du har fr\u00e5gor eller synpunkter avseende denna personuppgiftspolicy.\nMed h\u00e4nvisning till lag avser jag nedan Dataskyddsf\u00f6rordningen (eng. General Data Protection Regulation, GDPR) och annan g\u00e4llande svensk dataskyddslagstiftning.<\/p>\n\n\n\n<p><strong>1.&nbsp;&nbsp;&nbsp;&nbsp;<\/strong><strong>&nbsp;Namn och kontaktuppgifter av den personuppgiftsansvarige<\/strong><\/p>\n\n\n\n<p>Angelika Schulze<\/p>\n\n\n\n<p>Diplomerad \u00f6vers\u00e4ttare<\/p>\n\n\n\n<p>Kabelstigen 13 G<\/p>\n\n\n\n<p>SE \u2013 574 37 Vetlanda<\/p>\n\n\n\n<p>Organisationsnummer: 6512291888<\/p>\n\n\n\n<p>Tel.: +46 73 9761606<\/p>\n\n\n\n<p>E-Mail:&nbsp;<a href=\"mailto:info@schulze-uebersetzungen.eu\">info@schulze-uebersetzungen.eu<\/a><\/p>\n\n\n\n<p><strong>2.&nbsp;&nbsp;&nbsp;&nbsp;<\/strong><strong>Vilka uppgifter samlar jag in om dig?<\/strong><\/p>\n\n\n\n<p>De personuppgifter om dig som samlas in kan vara:<\/p>\n\n\n\n<p><a><strong>Person- och kontaktuppgifter<\/strong><\/a>&nbsp;- s\u00e5som ditt namn, adress, e-postadress och telefonnummer, i vissa fall \u00e4ven demografiska och h\u00e4lso-relaterade uppgifter.<\/p>\n\n\n\n<p>Dessa uppgifter kan sparas digitalt i form av en Excel- eller Wordfil med kunddata eller i adressbok av min e-post-programm. De kan \u00e4ven finnas i texter som \u00f6verl\u00e4mnades f\u00f6r \u00f6vers\u00e4ttning eller granskning. Alla dessa data sparas p\u00e5 min dators h\u00e5rddisk, p\u00e5 extern h\u00e5rddisk eller schulze-\u00fcbersetzungens egen server.<\/p>\n\n\n\n<p>Personuppgifter samlas in av f\u00f6ljande persongrupper:<\/p>\n\n\n\n<p>&#8211;&nbsp;&nbsp;&nbsp;<strong>Kunder:<\/strong>&nbsp;Adress- och kontaktuppgifter, uppgifter som r\u00f6r avtal, fakturor, betalningar och kundbem\u00f6tande.<\/p>\n\n\n\n<p>&#8211;&nbsp;&nbsp;&nbsp;<strong>Levarant\u00f6rer och underlevarant\u00f6rer:<\/strong>&nbsp;Adress- och kontaktuppgifter, uppgifter som r\u00f6r avtal, fakturor, betalningar.<\/p>\n\n\n\n<p>&#8211;&nbsp;&nbsp;&nbsp;<strong>Intressenter:<\/strong>&nbsp;Adress- och kontaktuppgifter.<\/p>\n\n\n\n<p>Fr\u00e4msta \u00e4ndam\u00e5let f\u00f6r insamlandet och behandling av uppgifter om dig \u00e4r att fullg\u00f6ra mina f\u00f6rpliktelser gentemot dig, dvs levererar de tj\u00e4nsterna kopplade till mitt f\u00f6retag (\u00f6vers\u00e4ttningar, granskning och behandling av texter av olika spr\u00e5k). Dessutom anv\u00e4nds uppgifterna i syfte av administration av kunder och leverant\u00f6rer och f\u00f6r att kunna bem\u00f6ta intressenter.<\/p>\n\n\n\n<p><strong>Tekniska uppgifter<\/strong>&nbsp;om din enhet eller internet-anslutning - exempelvis IP-adress, n\u00e4r du bes\u00f6ker min webbplats.<\/p>\n\n\n\n<p><a>schulze-\u00fcbersetzungen kommer inte att anv\u00e4nda dessa uppgifter med syfte att identifiera dig.<\/a><\/p>\n\n\n\n<p><strong>3.&nbsp;&nbsp;&nbsp;&nbsp;<\/strong><strong>\u00c4ndam\u00e5l och r\u00e4ttslig grund av behandling av dina personuppgifter<\/strong><\/p>\n\n\n\n<p>Du har l\u00e4mnat ditt samtycke till att dina personuppgifter samlas in och behandlas.<\/p>\n\n\n\n<p>R\u00e4ttslig grund: Art. 6 (1) (a) GDPR<\/p>\n\n\n\n<p>Behandlingen \u00e4r n\u00f6dv\u00e4ndig f\u00f6r att fullg\u00f6ra ett avtal, dvs levererar tj\u00e4nster som \u00e4r kopplade till mitt f\u00f6retag (\u00f6vers\u00e4ttningar, granskning och\/eller bearbetning av texter in olika spr\u00e5k, svarar p\u00e5 fr\u00e5gor eller reklamationer). Dessutom anv\u00e4nds personuppgifterna i sammanhang med administration av kunder och leverant\u00f6rer och bem\u00f6tande av intressenter.<\/p>\n\n\n\n<p>R\u00e4ttslig grund: Art. 6 (1) (b) GDPR<\/p>\n\n\n\n<p>Behandlingen \u00e4r n\u00f6dv\u00e4ndig f\u00f6r att fullg\u00f6ra en r\u00e4ttslig f\u00f6rpliktelse som \u00e5vilar den personuppgiftsansvarige.<\/p>\n\n\n\n<p>R\u00e4ttslig grund: Art. 6 (1) (c) GDPR<\/p>\n\n\n\n<p>Personuppgifter kan anv\u00e4ndas f\u00f6r att skicka dig information om mina tj\u00e4nster via e-post eller vanlig post. schulze-\u00fcbersetzungens ber\u00e4ttigade intresse av ovann\u00e4mnda personuppgiftsbehandling \u00e4r att kunna ge dig information och att st\u00e4rka kundrelationen.<\/p>\n\n\n\n<p>R\u00e4ttslig grund: Art. 6 (1) (f) GDPR<\/p>\n\n\n\n<p><strong>4.&nbsp;&nbsp;&nbsp;&nbsp;<\/strong><strong>Vem l\u00e4mnar jag ut dina uppgifter till?<\/strong><\/p>\n\n\n\n<p>Jag behandlar dina personuppgifter med st\u00f6rsta f\u00f6rsiktighet och dina uppgifter anv\u00e4nds endast av mig och av utvalda tredje parter. Dina uppgifter l\u00e4mnas bara till:<\/p>\n\n\n\n<p>-          Tredje parter, som jag anlitar f\u00f6r att hj\u00e4lpa mig att utf\u00f6ra mina tj\u00e4nster (dvs underleverant\u00f6rer av \u00f6vers\u00e4ttningar\/grankskning av texter). Dessa har bara till\u00e5telse att anv\u00e4nda dina personuppgifter f\u00f6r min r\u00e4kning och f\u00f6r de s\u00e4rskilda uppgifter de har att utf\u00f6ra efter mina instruktioner och agerar som personuppgiftsbitr\u00e4den \u00e5t mig. De \u00e4r skyldiga att h\u00e5lla dina personuppgifter konfidentiella och s\u00e4kra. Om det kr\u00e4vs enligt lag har du r\u00e4tt att f\u00e5 en lista \u00f6ver eventuella personuppgiftsbitr\u00e4den som behandlar dina personuppgifter p\u00e5 uppdrag av mig.<\/p>\n\n\n\n<p>-          I vissa fall kan det vara n\u00f6dv\u00e4ndig att l\u00e4mna ut dina uppgifter f\u00f6r att fullg\u00f6ra en r\u00e4ttslig f\u00f6rpliktelse som \u00e5vilar den personuppgiftsansvarige.<\/p>\n\n\n\n<p>N\u00e5gon annan form av utl\u00e4mning av dina uppgifter kommer inte att ske.<\/p>\n\n\n\n<p><strong>5.&nbsp;&nbsp;&nbsp;&nbsp;<\/strong><strong>Information om cookies<\/strong><\/p>\n\n\n\n<p>Jag anv\u00e4nder inga cookies p\u00e5 min webbplats och i min e-postkommunikation.<\/p>\n\n\n\n<p><strong>6.&nbsp;&nbsp;&nbsp;&nbsp;<\/strong><strong>Dina r\u00e4ttigheter<\/strong><\/p>\n\n\n\n<p>I enlighet med lag har du r\u00e4tt att&nbsp;<strong>beg\u00e4ra ut information<\/strong>&nbsp;om personuppgifter jag har om dig efter att du har identifierat dig och tydligt angett vilken information du \u00f6nskar ta del av. En s\u00e5dan beg\u00e4ran ska vara skriftlig och egenh\u00e4ndigt undertecknad och skickas till den adress som anges ovan. Jag kommer snarast m\u00f6jligt och inom en m\u00e5nad bem\u00f6ta din beg\u00e4ran. I de fall jag inte kan uppfylla din beg\u00e4ran kommer jag att meddela dig detta och ange varf\u00f6r.<\/p>\n\n\n\n<p>Om du anser att uppgifterna om dig \u00e4r inkorrekta eller ofullst\u00e4ndiga har du p\u00e5 s\u00e4tt och begr\u00e4nsat till vad som f\u00f6reskrivs i lag r\u00e4tt att v\u00e4nda dig till mig med en&nbsp;<strong>beg\u00e4ran om r\u00e4ttelse<\/strong>&nbsp;. Jag kommer att korrigera eller uppdatera uppgifterna om dig s\u00e5 snabbt det \u00e4r rimligt m\u00f6jligt.<\/p>\n\n\n\n<p>Du har ocks\u00e5 p\u00e5 s\u00e4tt f\u00f6reskrivs i lag r\u00e4tt att beg\u00e4ra att f\u00e5 uppgifterna om dig&nbsp;<strong>borttagna<\/strong>&nbsp;eller beg\u00e4ra att jag begr\u00e4nsar behandlingen av dina personuppgifter samt att \u00e5terkalla eventuella samtycken. Du har ocks\u00e5 p\u00e5 s\u00e4tt f\u00f6reskrivs i lag r\u00e4tt att f\u00e5 \u00f6verf\u00f6rt (porterat) de personuppgifter du l\u00e4mnat till mig.<\/p>\n\n\n\n<p class=\"translation-block\">Notera att det kan kr\u00e4vas att jag beh\u00e5ller n\u00f6dv\u00e4ndiga personuppgifter i samband med radering, \u00e5terkallelse av samtycke eller portering f\u00f6r att uppfylla mina skyldigheter enligt lag eller avtal. Det kan ocks\u00e5 vara till\u00e5tet f\u00f6r mig enligt lag att beh\u00e5lla vissa personuppgifter f\u00f6r att tillgodose mina aff\u00e4rsbehov.<\/p>\n\n\n\n<p>Du har r\u00e4tt att g\u00f6ra&nbsp;<strong>inv\u00e4ndningar<\/strong>&nbsp;mot s\u00e5dan behandling av dina personuppgifter som jag g\u00f6r med st\u00f6d av intresseavv\u00e4gning, inbegripet profilering. Jag m\u00e5ste d\u00e5, efter att du specificerat vilken behandling du inv\u00e4nder mot, visa att det finns intressen som v\u00e4ger tyngre.<\/p>\n\n\n\n<p>Bitte beachten Sie, dass ich m\u00f6glicherweise zur Einhaltung gesetzlicher Bestimmungen oder vertraglicher Vereinbarungen gezwungen sein k\u00f6nnte, bestimmte personenbezogene Daten im Zusammenhang mit einer L\u00f6schung, dem Widerruf der Zustimmung oder einem Datenumzug auch weiterhin zu speichern. M\u00f6glicherweise steht es mir dar\u00fcber hinaus von Gesetz wegen zu, bestimmte personenbezogene Daten zur Erf\u00fcllung meiner Gesch\u00e4ftsinteressen aufzubewahren.<\/p>\n\n\n\n<p>Du har r\u00e4tt att g\u00f6ra&nbsp;<strong>Widerruf Ihrer Einwilligung<\/strong>&nbsp;zur Verarbeitung Ihrer personenbezogenen Daten.<\/p>\n\n\n\n<p><strong>7.&nbsp;&nbsp;&nbsp;&nbsp;<\/strong><strong>Hur l\u00e4nge sparar jag dina personuppgifter?<\/strong><\/p>\n\n\n\n<p>schulze-\u00fcbersetzungen sparar dina personuppgifter endast s\u00e5 l\u00e4nge som det \u00e4r n\u00f6dv\u00e4ndigt f\u00f6r de \u00e4ndam\u00e5l som f\u00f6ljer av denna personuppgiftspolicy eller s\u00e5 l\u00e4nge det kr\u00e4vs enligt lag eller avtal. Dina personuppgifter gallras n\u00e4r de inte l\u00e4ngre \u00e4r relevanta f\u00f6r de \u00e4ndam\u00e5l som de har samlats in f\u00f6r eller inte l\u00e4ngre kr\u00e4vs enligt lag eller avtal.<\/p>\n\n\n\n<p><strong>8.&nbsp;&nbsp;&nbsp;&nbsp;<\/strong><strong>Vad g\u00f6r jag f\u00f6r att skydda dina uppgifter?<\/strong><\/p>\n\n\n\n<p>schulze-\u00fcbersetzungen anv\u00e4nder bland annat SSL (Secure Socket Layer). Att schulze-\u00fcbersetzungens webplatsen \u00e4r krypterat ser du i att det st\u00e5r \u201ehttps:\/\/\u201c i Browsern ist\u00e4llet f\u00fcr bara \u201ehttp:\/\/\u201c och att du ser ett litet h\u00e4ngl\u00e5s symbol i Browsern.<\/p>\n\n\n\n<p>F\u00f6r att hindra obeh\u00f6rig tillg\u00e5ng, anv\u00e4ndning, \u00e4ndring, f\u00f6rst\u00f6ring eller utl\u00e4mnande har jag inf\u00f6rt l\u00e4mpliga och rimliga standarder f\u00f6r att skydda och s\u00e4kra de uppgifter om dig som jag behandlar. \u00c5tg\u00e4rderna g\u00f6rs i syfte att f\u00f6rhindra otill\u00e5ten eller olaglig behandling av uppgifterna om dig och oavsiktlig f\u00f6rlust eller f\u00f6rst\u00f6relse av, eller skada p\u00e5, dessa uppgifter.<\/p>\n\n\n\n<p class=\"translation-block\">Skulle en personuppgiftsincident uppt\u00e4ckas kommer denna p\u00e5 s\u00e4tt f\u00f6reskrivs enligt lag att anm\u00e4las till Datainspektionen samt till dig innom 72 h.<\/p>\n\n\n\n<p><strong>9.&nbsp;&nbsp;&nbsp;&nbsp;<\/strong><strong>L\u00e4nkar till andra webbplatser<\/strong><\/p>\n\n\n\n<p>V\u00e4nligen notera att det p\u00e5 denna webbplats kan finnas l\u00e4nkar till andra webbplatser. F\u00f6r det fall du f\u00f6ljer en s\u00e5dan l\u00e4nk kan detta medf\u00f6ra att du bes\u00f6ker andra webbplatser som inneh\u00e5ller andra regler f\u00f6r integritetsskydd \u00e4n vad som anges i denna personuppgiftspolicy.<\/p>\n\n\n\n<p><strong>10.&nbsp;&nbsp;<\/strong><strong>Klagom\u00e5l och skadest\u00e5nd<\/strong><\/p>\n\n\n\n<p class=\"translation-block\">Om du anser att behandlingen av dina personuppgifter har hanterats p\u00e5 ett felaktigt s\u00e4tt ber jag dig snarast anm\u00e4la detta till mig. Du har ocks\u00e5 m\u00f6jlighet att l\u00e4mna klagom\u00e5l till Datainspektionen g\u00e4llande min personuppgiftsbehandling.<\/p>\n\n\n\n<p><a><strong>11.&nbsp;&nbsp;<\/strong><strong>Automatiserat beslutsfattande, inbegripet profilering<\/strong><\/a><\/p>\n\n\n\n<p>Vi anv\u00e4nder oss inte av automatiserat beslutsfattande eller profilering (Art. 22 (1) DSGVO).<\/p>","protected":false},"excerpt":{"rendered":"<p>Allgemeines Diese Website dient Ihrer Information. Personenbezogene Daten erhalte ich \u00fcber diese Website nur dann, wenn Sie mich \u00fcber die dort angegebenen Kontaktangaben kontaktieren. Diese Datenschutzrichtlinie beschreibt die Verarbeitung von personenbezogenen Daten, die schulze-\u00fcbersetzungen (\u201eschulze-\u00fcbersetzungen\u201d) \u00fcber Sie sammelt, zum Beispiel, wenn Sie sich per E-Mail, SMS oder telefonisch mit mir in Verbindung setzen. Mit \u201epersonenbezogene&hellip; <a class=\"more-link\" href=\"https:\/\/schulze-uebersetzungen.eu\/sv\/kontakt\/datenschutz\/\">Forts\u00e4tt l\u00e4sa <span class=\"screen-reader-text\">Sekretesspolicy<\/span><\/a><\/p>","protected":false},"author":1,"featured_media":0,"parent":77,"menu_order":2,"comment_status":"closed","ping_status":"closed","template":"","meta":{"footnotes":""},"class_list":["post-137","page","type-page","status-publish","hentry","entry"],"yoast_head":"<!-- This site is optimized with the Yoast SEO Premium plugin v26.8 (Yoast SEO v26.8) - https:\/\/yoast.com\/product\/yoast-seo-premium-wordpress\/ -->\n<title>Datenschutzrichtlinie - Schulze \u00dcbersetzungen<\/title>\n<meta name=\"robots\" content=\"index, follow, max-snippet:-1, max-image-preview:large, max-video-preview:-1\" \/>\n<link rel=\"canonical\" href=\"https:\/\/schulze-uebersetzungen.eu\/sv\/kontakt\/datenschutz\/\" \/>\n<meta property=\"og:locale\" content=\"sv_SE\" \/>\n<meta property=\"og:type\" content=\"article\" \/>\n<meta property=\"og:title\" content=\"Datenschutzrichtlinie\" \/>\n<meta property=\"og:description\" content=\"Allgemeines Diese Website dient Ihrer Information. Personenbezogene Daten erhalte ich \u00fcber diese Website nur dann, wenn Sie mich \u00fcber die dort angegebenen Kontaktangaben kontaktieren. Diese Datenschutzrichtlinie beschreibt die Verarbeitung von personenbezogenen Daten, die schulze-\u00fcbersetzungen (\u201eschulze-\u00fcbersetzungen\u201d) \u00fcber Sie sammelt, zum Beispiel, wenn Sie sich per E-Mail, SMS oder telefonisch mit mir in Verbindung setzen. Mit \u201epersonenbezogene&hellip; Forts\u00e4tt l\u00e4sa Datenschutzrichtlinie\" \/>\n<meta property=\"og:url\" content=\"https:\/\/schulze-uebersetzungen.eu\/sv\/kontakt\/datenschutz\/\" \/>\n<meta property=\"og:site_name\" content=\"Schulze \u00dcbersetzungen\" \/>\n<meta property=\"article:modified_time\" content=\"2021-03-18T22:37:26+00:00\" \/>\n<meta name=\"twitter:card\" content=\"summary_large_image\" \/>\n<meta name=\"twitter:label1\" content=\"Ber\u00e4knad l\u00e4stid\" \/>\n\t<meta name=\"twitter:data1\" content=\"7 minuter\" \/>\n<script type=\"application\/ld+json\" class=\"yoast-schema-graph\">{\"@context\":\"https:\/\/schema.org\",\"@graph\":[{\"@type\":\"WebPage\",\"@id\":\"https:\/\/schulze-uebersetzungen.eu\/de\/kontakt\/datenschutz\/\",\"url\":\"https:\/\/schulze-uebersetzungen.eu\/de\/kontakt\/datenschutz\/\",\"name\":\"Datenschutzrichtlinie - Schulze \u00dcbersetzungen\",\"isPartOf\":{\"@id\":\"https:\/\/schulze-uebersetzungen.eu\/de\/#website\"},\"datePublished\":\"2021-03-18T21:48:28+00:00\",\"dateModified\":\"2021-03-18T22:37:26+00:00\",\"breadcrumb\":{\"@id\":\"https:\/\/schulze-uebersetzungen.eu\/de\/kontakt\/datenschutz\/#breadcrumb\"},\"inLanguage\":\"sv-SE\",\"potentialAction\":[{\"@type\":\"ReadAction\",\"target\":[\"https:\/\/schulze-uebersetzungen.eu\/de\/kontakt\/datenschutz\/\"]}]},{\"@type\":\"BreadcrumbList\",\"@id\":\"https:\/\/schulze-uebersetzungen.eu\/de\/kontakt\/datenschutz\/#breadcrumb\",\"itemListElement\":[{\"@type\":\"ListItem\",\"position\":1,\"name\":\"Hem\",\"item\":\"https:\/\/schulze-uebersetzungen.eu\/de\/\"},{\"@type\":\"ListItem\",\"position\":2,\"name\":\"Kontakt\",\"item\":\"https:\/\/schulze-uebersetzungen.eu\/de\/kontakt\/\"},{\"@type\":\"ListItem\",\"position\":3,\"name\":\"Datenschutzrichtlinie\"}]},{\"@type\":\"WebSite\",\"@id\":\"https:\/\/schulze-uebersetzungen.eu\/de\/#website\",\"url\":\"https:\/\/schulze-uebersetzungen.eu\/de\/\",\"name\":\"Schulze \u00dcbersetzungen\",\"description\":\"Dipl.-\u00dcbersetzerin Angelika Schulze\",\"publisher\":{\"@id\":\"https:\/\/schulze-uebersetzungen.eu\/de\/#organization\"},\"potentialAction\":[{\"@type\":\"SearchAction\",\"target\":{\"@type\":\"EntryPoint\",\"urlTemplate\":\"https:\/\/schulze-uebersetzungen.eu\/de\/?s={search_term_string}\"},\"query-input\":{\"@type\":\"PropertyValueSpecification\",\"valueRequired\":true,\"valueName\":\"search_term_string\"}}],\"inLanguage\":\"sv-SE\"},{\"@type\":\"Organization\",\"@id\":\"https:\/\/schulze-uebersetzungen.eu\/de\/#organization\",\"name\":\"Schulze \u00dcbersetzungen\",\"url\":\"https:\/\/schulze-uebersetzungen.eu\/de\/\",\"logo\":{\"@type\":\"ImageObject\",\"inLanguage\":\"sv-SE\",\"@id\":\"https:\/\/schulze-uebersetzungen.eu\/de\/#\/schema\/logo\/image\/\",\"url\":\"https:\/\/schulze-uebersetzungen.eu\/wp-content\/uploads\/2021\/03\/flaggen.png\",\"contentUrl\":\"https:\/\/schulze-uebersetzungen.eu\/wp-content\/uploads\/2021\/03\/flaggen.png\",\"width\":1683,\"height\":697,\"caption\":\"Schulze \u00dcbersetzungen\"},\"image\":{\"@id\":\"https:\/\/schulze-uebersetzungen.eu\/de\/#\/schema\/logo\/image\/\"},\"sameAs\":[\"https:\/\/www.xing.com\/profile\/Angelika_Schulze6\"],\"vatID\":\"SE651229188801\",\"taxID\":\"SE651229188801\"}]}<\/script>\n<!-- \/ Yoast SEO Premium plugin. -->","yoast_head_json":{"title":"Datenschutzrichtlinie - Schulze \u00dcbersetzungen","robots":{"index":"index","follow":"follow","max-snippet":"max-snippet:-1","max-image-preview":"max-image-preview:large","max-video-preview":"max-video-preview:-1"},"canonical":"https:\/\/schulze-uebersetzungen.eu\/sv\/kontakt\/datenschutz\/","og_locale":"sv_SE","og_type":"article","og_title":"Datenschutzrichtlinie","og_description":"Allgemeines Diese Website dient Ihrer Information. Personenbezogene Daten erhalte ich \u00fcber diese Website nur dann, wenn Sie mich \u00fcber die dort angegebenen Kontaktangaben kontaktieren. Diese Datenschutzrichtlinie beschreibt die Verarbeitung von personenbezogenen Daten, die schulze-\u00fcbersetzungen (\u201eschulze-\u00fcbersetzungen\u201d) \u00fcber Sie sammelt, zum Beispiel, wenn Sie sich per E-Mail, SMS oder telefonisch mit mir in Verbindung setzen. Mit \u201epersonenbezogene&hellip; Forts\u00e4tt l\u00e4sa Datenschutzrichtlinie","og_url":"https:\/\/schulze-uebersetzungen.eu\/sv\/kontakt\/datenschutz\/","og_site_name":"Schulze \u00dcbersetzungen","article_modified_time":"2021-03-18T22:37:26+00:00","twitter_card":"summary_large_image","twitter_misc":{"Ber\u00e4knad l\u00e4stid":"7 minuter"},"schema":{"@context":"https:\/\/schema.org","@graph":[{"@type":"WebPage","@id":"https:\/\/schulze-uebersetzungen.eu\/de\/kontakt\/datenschutz\/","url":"https:\/\/schulze-uebersetzungen.eu\/de\/kontakt\/datenschutz\/","name":"Datenschutzrichtlinie - Schulze \u00dcbersetzungen","isPartOf":{"@id":"https:\/\/schulze-uebersetzungen.eu\/de\/#website"},"datePublished":"2021-03-18T21:48:28+00:00","dateModified":"2021-03-18T22:37:26+00:00","breadcrumb":{"@id":"https:\/\/schulze-uebersetzungen.eu\/de\/kontakt\/datenschutz\/#breadcrumb"},"inLanguage":"sv-SE","potentialAction":[{"@type":"ReadAction","target":["https:\/\/schulze-uebersetzungen.eu\/de\/kontakt\/datenschutz\/"]}]},{"@type":"BreadcrumbList","@id":"https:\/\/schulze-uebersetzungen.eu\/de\/kontakt\/datenschutz\/#breadcrumb","itemListElement":[{"@type":"ListItem","position":1,"name":"Hem","item":"https:\/\/schulze-uebersetzungen.eu\/de\/"},{"@type":"ListItem","position":2,"name":"Kontakt","item":"https:\/\/schulze-uebersetzungen.eu\/de\/kontakt\/"},{"@type":"ListItem","position":3,"name":"Datenschutzrichtlinie"}]},{"@type":"WebSite","@id":"https:\/\/schulze-uebersetzungen.eu\/de\/#website","url":"https:\/\/schulze-uebersetzungen.eu\/de\/","name":"Schulze \u00dcbersetzungen","description":"Diplomerad \u00d6vers\u00e4ttare Angelika Schulze","publisher":{"@id":"https:\/\/schulze-uebersetzungen.eu\/de\/#organization"},"potentialAction":[{"@type":"SearchAction","target":{"@type":"EntryPoint","urlTemplate":"https:\/\/schulze-uebersetzungen.eu\/de\/?s={search_term_string}"},"query-input":{"@type":"PropertyValueSpecification","valueRequired":true,"valueName":"search_term_string"}}],"inLanguage":"sv-SE"},{"@type":"Organization","@id":"https:\/\/schulze-uebersetzungen.eu\/de\/#organization","name":"Schulze \u00dcbersetzungen","url":"https:\/\/schulze-uebersetzungen.eu\/de\/","logo":{"@type":"ImageObject","inLanguage":"sv-SE","@id":"https:\/\/schulze-uebersetzungen.eu\/de\/#\/schema\/logo\/image\/","url":"https:\/\/schulze-uebersetzungen.eu\/wp-content\/uploads\/2021\/03\/flaggen.png","contentUrl":"https:\/\/schulze-uebersetzungen.eu\/wp-content\/uploads\/2021\/03\/flaggen.png","width":1683,"height":697,"caption":"Schulze \u00dcbersetzungen"},"image":{"@id":"https:\/\/schulze-uebersetzungen.eu\/de\/#\/schema\/logo\/image\/"},"sameAs":["https:\/\/www.xing.com\/profile\/Angelika_Schulze6"],"vatID":"SE651229188801","taxID":"SE651229188801"}]}},"_links":{"self":[{"href":"https:\/\/schulze-uebersetzungen.eu\/sv\/wp-json\/wp\/v2\/pages\/137","targetHints":{"allow":["GET"]}}],"collection":[{"href":"https:\/\/schulze-uebersetzungen.eu\/sv\/wp-json\/wp\/v2\/pages"}],"about":[{"href":"https:\/\/schulze-uebersetzungen.eu\/sv\/wp-json\/wp\/v2\/types\/page"}],"author":[{"embeddable":true,"href":"https:\/\/schulze-uebersetzungen.eu\/sv\/wp-json\/wp\/v2\/users\/1"}],"replies":[{"embeddable":true,"href":"https:\/\/schulze-uebersetzungen.eu\/sv\/wp-json\/wp\/v2\/comments?post=137"}],"version-history":[{"count":1,"href":"https:\/\/schulze-uebersetzungen.eu\/sv\/wp-json\/wp\/v2\/pages\/137\/revisions"}],"predecessor-version":[{"id":138,"href":"https:\/\/schulze-uebersetzungen.eu\/sv\/wp-json\/wp\/v2\/pages\/137\/revisions\/138"}],"up":[{"embeddable":true,"href":"https:\/\/schulze-uebersetzungen.eu\/sv\/wp-json\/wp\/v2\/pages\/77"}],"wp:attachment":[{"href":"https:\/\/schulze-uebersetzungen.eu\/sv\/wp-json\/wp\/v2\/media?parent=137"}],"curies":[{"name":"wp","href":"https:\/\/api.w.org\/{rel}","templated":true}]}}