{"id":139,"date":"2021-03-18T22:49:32","date_gmt":"2021-03-18T21:49:32","guid":{"rendered":"https:\/\/schulze-uebersetzungen.eu\/?page_id=139"},"modified":"2025-02-25T17:34:10","modified_gmt":"2025-02-25T16:34:10","slug":"links","status":"publish","type":"page","link":"https:\/\/schulze-uebersetzungen.eu\/sv\/kontakt\/links\/","title":{"rendered":"L\u00e4nkar (DE)"},"content":{"rendered":"<p><a href=\"https:\/\/www.justiz-dolmetscher.de\/Recherche\/de\/Person\/Details\/33144\" title=\"\">Dolmetscher- und \u00dcbersetzerdatenbank<\/a><br><a href=\"http:\/\/www.online-freelancer.org\/\">http:\/\/www.online-freelancer.org<\/a><br><a href=\"http:\/\/www.zahlungspraxis.info\/\">http:\/\/www.zahlungspraxis.info<\/a><br><br><a href=\"http:\/\/www.madrigalkoren.com\/\">www.madrigalkoren.com<\/a><br><a href=\"https:\/\/wirinschweden.schulze-uebersetzungen.eu\/\" title=\"\">www.wirinschweden.schulze-uebersetzungen.eu<\/a><br><br><br><\/p>\n\n\n\n<h2 class=\"wp-block-heading\">Haftungshinweis zu externen Links:<\/h2>\n\n\n\n<p>Trotz sorgf\u00e4ltiger inhaltlicher Kontrolle \u00fcbernehmen wir keine Haftung f\u00fcr die Inhalte externer Links. F\u00fcr den Inhalt der verlinkten Seiten sind ausschlie\u00dflich deren Betreiber verantwortlich.<br><br>F\u00fcr jeglichen Schaden, der direkt oder indirekt in Zusammenhang mit der Nutzung, dem Missbrauch oder der Funktionalit\u00e4t dieser Website oder der darin angebotenen Informationsinhalte steht, wird gleichfalls keinerlei Haftung \u00fcbernommen.<\/p>","protected":false},"excerpt":{"rendered":"<p>Dolmetscher- und \u00dcbersetzerdatenbankhttp:\/\/www.online-freelancer.orghttp:\/\/www.zahlungspraxis.info www.madrigalkoren.comwww.wirinschweden.schulze-uebersetzungen.eu Haftungshinweis zu externen Links: Trotz sorgf\u00e4ltiger inhaltlicher Kontrolle \u00fcbernehmen wir keine Haftung f\u00fcr die Inhalte externer Links. F\u00fcr den Inhalt der verlinkten Seiten sind ausschlie\u00dflich deren Betreiber verantwortlich. F\u00fcr jeglichen Schaden, der direkt oder indirekt in Zusammenhang mit der Nutzung, dem Missbrauch oder der Funktionalit\u00e4t dieser Website oder der darin angebotenen&hellip; <a class=\"more-link\" href=\"https:\/\/schulze-uebersetzungen.eu\/sv\/kontakt\/links\/\">Forts\u00e4tt l\u00e4sa <span class=\"screen-reader-text\">L\u00e4nkar (DE)<\/span><\/a><\/p>","protected":false},"author":1,"featured_media":0,"parent":77,"menu_order":3,"comment_status":"closed","ping_status":"closed","template":"","meta":{"footnotes":""},"class_list":["post-139","page","type-page","status-publish","hentry","entry"],"yoast_head":"<!-- This site is optimized with the Yoast SEO Premium plugin v26.8 (Yoast SEO v26.8) - https:\/\/yoast.com\/product\/yoast-seo-premium-wordpress\/ -->\n<title>Links - Schulze \u00dcbersetzungen<\/title>\n<meta name=\"robots\" content=\"index, follow, max-snippet:-1, max-image-preview:large, max-video-preview:-1\" \/>\n<link rel=\"canonical\" href=\"https:\/\/schulze-uebersetzungen.eu\/sv\/kontakt\/links\/\" \/>\n<meta property=\"og:locale\" content=\"sv_SE\" \/>\n<meta property=\"og:type\" content=\"article\" \/>\n<meta property=\"og:title\" content=\"Links\" \/>\n<meta property=\"og:description\" content=\"Dolmetscher- und \u00dcbersetzerdatenbankhttp:\/\/www.online-freelancer.orghttp:\/\/www.zahlungspraxis.info www.madrigalkoren.comwww.wirinschweden.schulze-uebersetzungen.eu Haftungshinweis zu externen Links: Trotz sorgf\u00e4ltiger inhaltlicher Kontrolle \u00fcbernehmen wir keine Haftung f\u00fcr die Inhalte externer Links. F\u00fcr den Inhalt der verlinkten Seiten sind ausschlie\u00dflich deren Betreiber verantwortlich. F\u00fcr jeglichen Schaden, der direkt oder indirekt in Zusammenhang mit der Nutzung, dem Missbrauch oder der Funktionalit\u00e4t dieser Website oder der darin angebotenen&hellip; Forts\u00e4tt l\u00e4sa Links\" \/>\n<meta property=\"og:url\" content=\"https:\/\/schulze-uebersetzungen.eu\/sv\/kontakt\/links\/\" \/>\n<meta property=\"og:site_name\" content=\"Schulze \u00dcbersetzungen\" \/>\n<meta property=\"article:modified_time\" content=\"2025-02-25T16:34:10+00:00\" \/>\n<meta name=\"twitter:card\" content=\"summary_large_image\" \/>\n<script type=\"application\/ld+json\" class=\"yoast-schema-graph\">{\"@context\":\"https:\/\/schema.org\",\"@graph\":[{\"@type\":\"WebPage\",\"@id\":\"https:\/\/schulze-uebersetzungen.eu\/de\/kontakt\/links\/\",\"url\":\"https:\/\/schulze-uebersetzungen.eu\/de\/kontakt\/links\/\",\"name\":\"Links - Schulze \u00dcbersetzungen\",\"isPartOf\":{\"@id\":\"https:\/\/schulze-uebersetzungen.eu\/de\/#website\"},\"datePublished\":\"2021-03-18T21:49:32+00:00\",\"dateModified\":\"2025-02-25T16:34:10+00:00\",\"breadcrumb\":{\"@id\":\"https:\/\/schulze-uebersetzungen.eu\/de\/kontakt\/links\/#breadcrumb\"},\"inLanguage\":\"sv-SE\",\"potentialAction\":[{\"@type\":\"ReadAction\",\"target\":[\"https:\/\/schulze-uebersetzungen.eu\/de\/kontakt\/links\/\"]}]},{\"@type\":\"BreadcrumbList\",\"@id\":\"https:\/\/schulze-uebersetzungen.eu\/de\/kontakt\/links\/#breadcrumb\",\"itemListElement\":[{\"@type\":\"ListItem\",\"position\":1,\"name\":\"Hem\",\"item\":\"https:\/\/schulze-uebersetzungen.eu\/de\/\"},{\"@type\":\"ListItem\",\"position\":2,\"name\":\"Kontakt\",\"item\":\"https:\/\/schulze-uebersetzungen.eu\/de\/kontakt\/\"},{\"@type\":\"ListItem\",\"position\":3,\"name\":\"Links\"}]},{\"@type\":\"WebSite\",\"@id\":\"https:\/\/schulze-uebersetzungen.eu\/de\/#website\",\"url\":\"https:\/\/schulze-uebersetzungen.eu\/de\/\",\"name\":\"Schulze \u00dcbersetzungen\",\"description\":\"Dipl.-\u00dcbersetzerin Angelika Schulze\",\"publisher\":{\"@id\":\"https:\/\/schulze-uebersetzungen.eu\/de\/#organization\"},\"potentialAction\":[{\"@type\":\"SearchAction\",\"target\":{\"@type\":\"EntryPoint\",\"urlTemplate\":\"https:\/\/schulze-uebersetzungen.eu\/de\/?s={search_term_string}\"},\"query-input\":{\"@type\":\"PropertyValueSpecification\",\"valueRequired\":true,\"valueName\":\"search_term_string\"}}],\"inLanguage\":\"sv-SE\"},{\"@type\":\"Organization\",\"@id\":\"https:\/\/schulze-uebersetzungen.eu\/de\/#organization\",\"name\":\"Schulze \u00dcbersetzungen\",\"url\":\"https:\/\/schulze-uebersetzungen.eu\/de\/\",\"logo\":{\"@type\":\"ImageObject\",\"inLanguage\":\"sv-SE\",\"@id\":\"https:\/\/schulze-uebersetzungen.eu\/de\/#\/schema\/logo\/image\/\",\"url\":\"https:\/\/schulze-uebersetzungen.eu\/wp-content\/uploads\/2021\/03\/flaggen.png\",\"contentUrl\":\"https:\/\/schulze-uebersetzungen.eu\/wp-content\/uploads\/2021\/03\/flaggen.png\",\"width\":1683,\"height\":697,\"caption\":\"Schulze \u00dcbersetzungen\"},\"image\":{\"@id\":\"https:\/\/schulze-uebersetzungen.eu\/de\/#\/schema\/logo\/image\/\"},\"sameAs\":[\"https:\/\/www.xing.com\/profile\/Angelika_Schulze6\"],\"vatID\":\"SE651229188801\",\"taxID\":\"SE651229188801\"}]}<\/script>\n<!-- \/ Yoast SEO Premium plugin. -->","yoast_head_json":{"title":"Links - Schulze \u00dcbersetzungen","robots":{"index":"index","follow":"follow","max-snippet":"max-snippet:-1","max-image-preview":"max-image-preview:large","max-video-preview":"max-video-preview:-1"},"canonical":"https:\/\/schulze-uebersetzungen.eu\/sv\/kontakt\/links\/","og_locale":"sv_SE","og_type":"article","og_title":"Links","og_description":"Dolmetscher- und \u00dcbersetzerdatenbankhttp:\/\/www.online-freelancer.orghttp:\/\/www.zahlungspraxis.info www.madrigalkoren.comwww.wirinschweden.schulze-uebersetzungen.eu Haftungshinweis zu externen Links: Trotz sorgf\u00e4ltiger inhaltlicher Kontrolle \u00fcbernehmen wir keine Haftung f\u00fcr die Inhalte externer Links. F\u00fcr den Inhalt der verlinkten Seiten sind ausschlie\u00dflich deren Betreiber verantwortlich. F\u00fcr jeglichen Schaden, der direkt oder indirekt in Zusammenhang mit der Nutzung, dem Missbrauch oder der Funktionalit\u00e4t dieser Website oder der darin angebotenen&hellip; Forts\u00e4tt l\u00e4sa Links","og_url":"https:\/\/schulze-uebersetzungen.eu\/sv\/kontakt\/links\/","og_site_name":"Schulze \u00dcbersetzungen","article_modified_time":"2025-02-25T16:34:10+00:00","twitter_card":"summary_large_image","schema":{"@context":"https:\/\/schema.org","@graph":[{"@type":"WebPage","@id":"https:\/\/schulze-uebersetzungen.eu\/de\/kontakt\/links\/","url":"https:\/\/schulze-uebersetzungen.eu\/de\/kontakt\/links\/","name":"Links - Schulze \u00dcbersetzungen","isPartOf":{"@id":"https:\/\/schulze-uebersetzungen.eu\/de\/#website"},"datePublished":"2021-03-18T21:49:32+00:00","dateModified":"2025-02-25T16:34:10+00:00","breadcrumb":{"@id":"https:\/\/schulze-uebersetzungen.eu\/de\/kontakt\/links\/#breadcrumb"},"inLanguage":"sv-SE","potentialAction":[{"@type":"ReadAction","target":["https:\/\/schulze-uebersetzungen.eu\/de\/kontakt\/links\/"]}]},{"@type":"BreadcrumbList","@id":"https:\/\/schulze-uebersetzungen.eu\/de\/kontakt\/links\/#breadcrumb","itemListElement":[{"@type":"ListItem","position":1,"name":"Hem","item":"https:\/\/schulze-uebersetzungen.eu\/de\/"},{"@type":"ListItem","position":2,"name":"Kontakt","item":"https:\/\/schulze-uebersetzungen.eu\/de\/kontakt\/"},{"@type":"ListItem","position":3,"name":"Links"}]},{"@type":"WebSite","@id":"https:\/\/schulze-uebersetzungen.eu\/de\/#website","url":"https:\/\/schulze-uebersetzungen.eu\/de\/","name":"Schulze \u00dcbersetzungen","description":"Diplomerad \u00d6vers\u00e4ttare Angelika Schulze","publisher":{"@id":"https:\/\/schulze-uebersetzungen.eu\/de\/#organization"},"potentialAction":[{"@type":"SearchAction","target":{"@type":"EntryPoint","urlTemplate":"https:\/\/schulze-uebersetzungen.eu\/de\/?s={search_term_string}"},"query-input":{"@type":"PropertyValueSpecification","valueRequired":true,"valueName":"search_term_string"}}],"inLanguage":"sv-SE"},{"@type":"Organization","@id":"https:\/\/schulze-uebersetzungen.eu\/de\/#organization","name":"Schulze \u00dcbersetzungen","url":"https:\/\/schulze-uebersetzungen.eu\/de\/","logo":{"@type":"ImageObject","inLanguage":"sv-SE","@id":"https:\/\/schulze-uebersetzungen.eu\/de\/#\/schema\/logo\/image\/","url":"https:\/\/schulze-uebersetzungen.eu\/wp-content\/uploads\/2021\/03\/flaggen.png","contentUrl":"https:\/\/schulze-uebersetzungen.eu\/wp-content\/uploads\/2021\/03\/flaggen.png","width":1683,"height":697,"caption":"Schulze \u00dcbersetzungen"},"image":{"@id":"https:\/\/schulze-uebersetzungen.eu\/de\/#\/schema\/logo\/image\/"},"sameAs":["https:\/\/www.xing.com\/profile\/Angelika_Schulze6"],"vatID":"SE651229188801","taxID":"SE651229188801"}]}},"_links":{"self":[{"href":"https:\/\/schulze-uebersetzungen.eu\/sv\/wp-json\/wp\/v2\/pages\/139","targetHints":{"allow":["GET"]}}],"collection":[{"href":"https:\/\/schulze-uebersetzungen.eu\/sv\/wp-json\/wp\/v2\/pages"}],"about":[{"href":"https:\/\/schulze-uebersetzungen.eu\/sv\/wp-json\/wp\/v2\/types\/page"}],"author":[{"embeddable":true,"href":"https:\/\/schulze-uebersetzungen.eu\/sv\/wp-json\/wp\/v2\/users\/1"}],"replies":[{"embeddable":true,"href":"https:\/\/schulze-uebersetzungen.eu\/sv\/wp-json\/wp\/v2\/comments?post=139"}],"version-history":[{"count":5,"href":"https:\/\/schulze-uebersetzungen.eu\/sv\/wp-json\/wp\/v2\/pages\/139\/revisions"}],"predecessor-version":[{"id":266,"href":"https:\/\/schulze-uebersetzungen.eu\/sv\/wp-json\/wp\/v2\/pages\/139\/revisions\/266"}],"up":[{"embeddable":true,"href":"https:\/\/schulze-uebersetzungen.eu\/sv\/wp-json\/wp\/v2\/pages\/77"}],"wp:attachment":[{"href":"https:\/\/schulze-uebersetzungen.eu\/sv\/wp-json\/wp\/v2\/media?parent=139"}],"curies":[{"name":"wp","href":"https:\/\/api.w.org\/{rel}","templated":true}]}}