{"id":64,"date":"2021-03-18T19:58:16","date_gmt":"2021-03-18T18:58:16","guid":{"rendered":"https:\/\/schulze-uebersetzungen.eu\/?page_id=64"},"modified":"2022-02-18T08:20:43","modified_gmt":"2022-02-18T07:20:43","slug":"leistungen","status":"publish","type":"page","link":"https:\/\/schulze-uebersetzungen.eu\/sv\/leistungen\/","title":{"rendered":"Tj\u00e4nster"},"content":{"rendered":"<h2 class=\"wp-block-heading\" id=\"fachubersetzungen\">Fack\u00f6vers\u00e4ttning<\/h2>\n\n\n\n<p>Engelska - Tyska<br>Svenska - Tyska<br>Spanska - Tyska<\/p>\n\n\n\n<h2 class=\"wp-block-heading\" id=\"beglaubigte-ubersetzungen\">Auktoriserade \u00d6vers\u00e4ttningar<\/h2>\n\n\n\n<div class=\"wp-block-image is-style-rounded\"><figure class=\"alignleft size-large\"><img loading=\"lazy\" decoding=\"async\" width=\"180\" height=\"120\" src=\"https:\/\/schulze-uebersetzungen.eu\/wp-content\/uploads\/2021\/03\/ubersetzung.jpg\" alt=\"\" class=\"wp-image-68\"\/><figcaption>auktoriserat \u00f6vers\u00e4ttning<\/figcaption><\/figure><\/div>\n\n\n\n<p class=\"has-text-align-left\">Som auktoriserad translator spanska-tyska har jag befogenhet att enligt lag bestyrka \u00f6vers\u00e4ttningar av personliga dokument, bevis, betyg och dylika handlingar.&nbsp;<a href=\"https:\/\/schulze-uebersetzungen.eu\/sv\/beglaubigungen\/\">F\u00f6r att auktorisera<\/a>&nbsp;en \u00f6vers\u00e4ttning beh\u00f6vs det en statlig auktoriserat translator. Dokument som vanligtvis ska auktoriseras kan vara stadgar, fullmakter, kontrakt, skattedokument, arvsdokument, lagfarter, l\u00e4karintyg, d\u00f6dsattester, \u00e4rendehandlingar, adoptionshandlingar, vigselbevis, skilsm\u00e4ssobevis, betygsdokument, examensbevis, arbetsbevis, kursbevis, f\u00f6delseattester och utdrag ut belastningsregistret osv. (se&nbsp;<a href=\"https:\/\/schulze-uebersetzungen.eu\/sv\/fachgebiete\/\">Fackomr\u00e5den<\/a>). Jag har befogenhet att st\u00e4mpla och med min underskrift bekr\u00e4fta att \u00f6vers\u00e4ttningen fr\u00e5n spanska till tyska \u00e4r en fullst\u00e4ndig och korrekt \u00e5tergivning av k\u00e4lltexten. Alla texter behandlas konfidentiellt. Som auktoriserad translator udsedd av Landgericht Stuttgart (Tyskland) omfattas jag av tystnadsplikten.<\/p>\n\n\n\n<h2 class=\"wp-block-heading\" id=\"revision-korrektorat\">Revision\/Korrekturl\u00e4sning<\/h2>\n\n\n\n<p>Revision eller textgranskning avser tv\u00e5spr\u00e5kig kontroll av en \u00f6vers\u00e4ttning mot utg\u00e5ngstexten. \n Ut\u00f6ver korrektur av eventuella fel med avseende p\u00e5 grammatik, stavning och skiljetecken s\u00e4kerst\u00e4lls inneh\u00e5llsm\u00e4ssig \u00f6verensst\u00e4mmelse med utg\u00e5ngstexten, r\u00e4tt ton och stil med tanke p\u00e5 m\u00e5lgruppen. Om s\u00e5 \u00f6nskas kan jag ocks\u00e5 g\u00f6ra stilistiska f\u00f6rb\u00e4ttringar <\/p>\n\n\n\n<p>Korrekturl\u00e4sning avser en enspr\u00e5kig kontroll av redan \u00f6versatta dokument f\u00f6r att s\u00e4kerst\u00e4lla dem spr\u00e5kligt med avseende p\u00e5 grammatik, stavning och skiljetecken. P\u00e5 f\u00f6rfr\u00e5gan g\u00f6rs ocks\u00e5 g\u00e4rna stilistiska f\u00f6rb\u00e4ttringar.<\/p>\n\n\n\n<h2 class=\"wp-block-heading\" id=\"vermittlung\">F\u00f6rmedling<\/h2>\n\n\n\n<p>Vilken spr\u00e5kkombination \u00e4r det du beh\u00f6ver? Jag arbetar tillsammans med kvalificerade och tillf\u00f6rlitliga \u00f6vers\u00e4ttarkollegor i spr\u00e5kkombination tyska - svenska, tyska - engelska, tyska - spanska och tyska - italienska. Kontakta mig g\u00e4rna f\u00f6r r\u00e5dgivning&nbsp;<a href=\"https:\/\/schulze-uebersetzungen.eu\/sv\/kontakt\/\">Kontakt<\/a><\/p>\n\n\n\n<figure class=\"wp-block-embed is-type-rich is-provider-inbaddningshanterare wp-block-embed-inbaddningshanterare wp-embed-aspect-16-9 wp-has-aspect-ratio\"><div class=\"wp-block-embed__wrapper\">\n<iframe loading=\"lazy\" title=\"BD\u00dc: Dolmetscher und \u00dcbersetzer sind zwei Berufe?\" width=\"750\" height=\"422\" src=\"https:\/\/www.youtube.com\/embed\/ez9yeH6z3zI?feature=oembed\" frameborder=\"0\" allow=\"accelerometer; autoplay; clipboard-write; encrypted-media; gyroscope; picture-in-picture\" allowfullscreen><\/iframe>\n<\/div><\/figure>\n\n\n\n<p><\/p>","protected":false},"excerpt":{"rendered":"<p>Fach\u00fcbersetzungen Englisch &#8211; DeutschSchwedisch &#8211; DeutschSpanisch &#8211; Deutsch Beglaubigte \u00dcbersetzungen F\u00fcr Urkunden und Bescheingungen, die zur Vorlage bei Beh\u00f6rden bestimmt sind, ist in der Regel die&nbsp;&#8222;Beglaubigung&#8220;&nbsp;der \u00dcbersetzung durch einen dazu erm\u00e4chtigten \u00dcbersetzer erforderlich, d. h. es wird die Richtigkeit und Vollst\u00e4ndigkeit der \u00dcbersetzung best\u00e4tigt (siehe auch&nbsp;Fachgebiete). Ich bin als&nbsp;Urkunden\u00fcbersetzerin&nbsp;f\u00fcr die spanische Sprache vor dem Landgericht&hellip; <a class=\"more-link\" href=\"https:\/\/schulze-uebersetzungen.eu\/sv\/leistungen\/\">Forts\u00e4tt l\u00e4sa <span class=\"screen-reader-text\">Tj\u00e4nster<\/span><\/a><\/p>","protected":false},"author":1,"featured_media":0,"parent":0,"menu_order":1,"comment_status":"closed","ping_status":"closed","template":"","meta":{"footnotes":""},"class_list":["post-64","page","type-page","status-publish","hentry","entry"],"yoast_head":"<!-- This site is optimized with the Yoast SEO Premium plugin v26.8 (Yoast SEO v26.8) - https:\/\/yoast.com\/product\/yoast-seo-premium-wordpress\/ -->\n<title>Leistungen - Schulze \u00dcbersetzungen<\/title>\n<meta name=\"robots\" content=\"index, follow, max-snippet:-1, max-image-preview:large, max-video-preview:-1\" \/>\n<link rel=\"canonical\" href=\"https:\/\/schulze-uebersetzungen.eu\/sv\/leistungen\/\" \/>\n<meta property=\"og:locale\" content=\"sv_SE\" \/>\n<meta property=\"og:type\" content=\"article\" \/>\n<meta property=\"og:title\" content=\"Leistungen\" \/>\n<meta property=\"og:description\" content=\"Fach\u00fcbersetzungen Englisch &#8211; DeutschSchwedisch &#8211; DeutschSpanisch &#8211; Deutsch Beglaubigte \u00dcbersetzungen F\u00fcr Urkunden und Bescheingungen, die zur Vorlage bei Beh\u00f6rden bestimmt sind, ist in der Regel die&nbsp;&#8222;Beglaubigung&#8220;&nbsp;der \u00dcbersetzung durch einen dazu erm\u00e4chtigten \u00dcbersetzer erforderlich, d. h. es wird die Richtigkeit und Vollst\u00e4ndigkeit der \u00dcbersetzung best\u00e4tigt (siehe auch&nbsp;Fachgebiete). Ich bin als&nbsp;Urkunden\u00fcbersetzerin&nbsp;f\u00fcr die spanische Sprache vor dem Landgericht&hellip; Forts\u00e4tt l\u00e4sa Leistungen\" \/>\n<meta property=\"og:url\" content=\"https:\/\/schulze-uebersetzungen.eu\/sv\/leistungen\/\" \/>\n<meta property=\"og:site_name\" content=\"Schulze \u00dcbersetzungen\" \/>\n<meta property=\"article:modified_time\" content=\"2022-02-18T07:20:43+00:00\" \/>\n<meta property=\"og:image\" content=\"https:\/\/schulze-uebersetzungen.eu\/wp-content\/uploads\/2021\/03\/ubersetzung.jpg\" \/>\n<meta name=\"twitter:card\" content=\"summary_large_image\" \/>\n<meta name=\"twitter:label1\" content=\"Ber\u00e4knad l\u00e4stid\" \/>\n\t<meta name=\"twitter:data1\" content=\"1 minut\" \/>\n<script type=\"application\/ld+json\" class=\"yoast-schema-graph\">{\"@context\":\"https:\/\/schema.org\",\"@graph\":[{\"@type\":\"WebPage\",\"@id\":\"https:\/\/schulze-uebersetzungen.eu\/de\/leistungen\/\",\"url\":\"https:\/\/schulze-uebersetzungen.eu\/de\/leistungen\/\",\"name\":\"Leistungen - Schulze \u00dcbersetzungen\",\"isPartOf\":{\"@id\":\"https:\/\/schulze-uebersetzungen.eu\/de\/#website\"},\"primaryImageOfPage\":{\"@id\":\"https:\/\/schulze-uebersetzungen.eu\/de\/leistungen\/#primaryimage\"},\"image\":{\"@id\":\"https:\/\/schulze-uebersetzungen.eu\/de\/leistungen\/#primaryimage\"},\"thumbnailUrl\":\"https:\/\/schulze-uebersetzungen.eu\/wp-content\/uploads\/2021\/03\/ubersetzung.jpg\",\"datePublished\":\"2021-03-18T18:58:16+00:00\",\"dateModified\":\"2022-02-18T07:20:43+00:00\",\"breadcrumb\":{\"@id\":\"https:\/\/schulze-uebersetzungen.eu\/de\/leistungen\/#breadcrumb\"},\"inLanguage\":\"sv-SE\",\"potentialAction\":[{\"@type\":\"ReadAction\",\"target\":[\"https:\/\/schulze-uebersetzungen.eu\/de\/leistungen\/\"]}]},{\"@type\":\"ImageObject\",\"inLanguage\":\"sv-SE\",\"@id\":\"https:\/\/schulze-uebersetzungen.eu\/de\/leistungen\/#primaryimage\",\"url\":\"https:\/\/schulze-uebersetzungen.eu\/wp-content\/uploads\/2021\/03\/ubersetzung.jpg\",\"contentUrl\":\"https:\/\/schulze-uebersetzungen.eu\/wp-content\/uploads\/2021\/03\/ubersetzung.jpg\"},{\"@type\":\"BreadcrumbList\",\"@id\":\"https:\/\/schulze-uebersetzungen.eu\/de\/leistungen\/#breadcrumb\",\"itemListElement\":[{\"@type\":\"ListItem\",\"position\":1,\"name\":\"Hem\",\"item\":\"https:\/\/schulze-uebersetzungen.eu\/de\/\"},{\"@type\":\"ListItem\",\"position\":2,\"name\":\"Leistungen\"}]},{\"@type\":\"WebSite\",\"@id\":\"https:\/\/schulze-uebersetzungen.eu\/de\/#website\",\"url\":\"https:\/\/schulze-uebersetzungen.eu\/de\/\",\"name\":\"Schulze \u00dcbersetzungen\",\"description\":\"Dipl.-\u00dcbersetzerin Angelika Schulze\",\"publisher\":{\"@id\":\"https:\/\/schulze-uebersetzungen.eu\/de\/#organization\"},\"potentialAction\":[{\"@type\":\"SearchAction\",\"target\":{\"@type\":\"EntryPoint\",\"urlTemplate\":\"https:\/\/schulze-uebersetzungen.eu\/de\/?s={search_term_string}\"},\"query-input\":{\"@type\":\"PropertyValueSpecification\",\"valueRequired\":true,\"valueName\":\"search_term_string\"}}],\"inLanguage\":\"sv-SE\"},{\"@type\":\"Organization\",\"@id\":\"https:\/\/schulze-uebersetzungen.eu\/de\/#organization\",\"name\":\"Schulze \u00dcbersetzungen\",\"url\":\"https:\/\/schulze-uebersetzungen.eu\/de\/\",\"logo\":{\"@type\":\"ImageObject\",\"inLanguage\":\"sv-SE\",\"@id\":\"https:\/\/schulze-uebersetzungen.eu\/de\/#\/schema\/logo\/image\/\",\"url\":\"https:\/\/schulze-uebersetzungen.eu\/wp-content\/uploads\/2021\/03\/flaggen.png\",\"contentUrl\":\"https:\/\/schulze-uebersetzungen.eu\/wp-content\/uploads\/2021\/03\/flaggen.png\",\"width\":1683,\"height\":697,\"caption\":\"Schulze \u00dcbersetzungen\"},\"image\":{\"@id\":\"https:\/\/schulze-uebersetzungen.eu\/de\/#\/schema\/logo\/image\/\"},\"sameAs\":[\"https:\/\/www.xing.com\/profile\/Angelika_Schulze6\"],\"vatID\":\"SE651229188801\",\"taxID\":\"SE651229188801\"}]}<\/script>\n<!-- \/ Yoast SEO Premium plugin. -->","yoast_head_json":{"title":"Leistungen - Schulze \u00dcbersetzungen","robots":{"index":"index","follow":"follow","max-snippet":"max-snippet:-1","max-image-preview":"max-image-preview:large","max-video-preview":"max-video-preview:-1"},"canonical":"https:\/\/schulze-uebersetzungen.eu\/sv\/leistungen\/","og_locale":"sv_SE","og_type":"article","og_title":"Leistungen","og_description":"Fach\u00fcbersetzungen Englisch &#8211; DeutschSchwedisch &#8211; DeutschSpanisch &#8211; Deutsch Beglaubigte \u00dcbersetzungen F\u00fcr Urkunden und Bescheingungen, die zur Vorlage bei Beh\u00f6rden bestimmt sind, ist in der Regel die&nbsp;&#8222;Beglaubigung&#8220;&nbsp;der \u00dcbersetzung durch einen dazu erm\u00e4chtigten \u00dcbersetzer erforderlich, d. h. es wird die Richtigkeit und Vollst\u00e4ndigkeit der \u00dcbersetzung best\u00e4tigt (siehe auch&nbsp;Fachgebiete). Ich bin als&nbsp;Urkunden\u00fcbersetzerin&nbsp;f\u00fcr die spanische Sprache vor dem Landgericht&hellip; Forts\u00e4tt l\u00e4sa Leistungen","og_url":"https:\/\/schulze-uebersetzungen.eu\/sv\/leistungen\/","og_site_name":"Schulze \u00dcbersetzungen","article_modified_time":"2022-02-18T07:20:43+00:00","og_image":[{"url":"https:\/\/schulze-uebersetzungen.eu\/wp-content\/uploads\/2021\/03\/ubersetzung.jpg","type":"","width":"","height":""}],"twitter_card":"summary_large_image","twitter_misc":{"Ber\u00e4knad l\u00e4stid":"1 minut"},"schema":{"@context":"https:\/\/schema.org","@graph":[{"@type":"WebPage","@id":"https:\/\/schulze-uebersetzungen.eu\/de\/leistungen\/","url":"https:\/\/schulze-uebersetzungen.eu\/de\/leistungen\/","name":"Leistungen - Schulze \u00dcbersetzungen","isPartOf":{"@id":"https:\/\/schulze-uebersetzungen.eu\/de\/#website"},"primaryImageOfPage":{"@id":"https:\/\/schulze-uebersetzungen.eu\/de\/leistungen\/#primaryimage"},"image":{"@id":"https:\/\/schulze-uebersetzungen.eu\/de\/leistungen\/#primaryimage"},"thumbnailUrl":"https:\/\/schulze-uebersetzungen.eu\/wp-content\/uploads\/2021\/03\/ubersetzung.jpg","datePublished":"2021-03-18T18:58:16+00:00","dateModified":"2022-02-18T07:20:43+00:00","breadcrumb":{"@id":"https:\/\/schulze-uebersetzungen.eu\/de\/leistungen\/#breadcrumb"},"inLanguage":"sv-SE","potentialAction":[{"@type":"ReadAction","target":["https:\/\/schulze-uebersetzungen.eu\/de\/leistungen\/"]}]},{"@type":"ImageObject","inLanguage":"sv-SE","@id":"https:\/\/schulze-uebersetzungen.eu\/de\/leistungen\/#primaryimage","url":"https:\/\/schulze-uebersetzungen.eu\/wp-content\/uploads\/2021\/03\/ubersetzung.jpg","contentUrl":"https:\/\/schulze-uebersetzungen.eu\/wp-content\/uploads\/2021\/03\/ubersetzung.jpg"},{"@type":"BreadcrumbList","@id":"https:\/\/schulze-uebersetzungen.eu\/de\/leistungen\/#breadcrumb","itemListElement":[{"@type":"ListItem","position":1,"name":"Hem","item":"https:\/\/schulze-uebersetzungen.eu\/de\/"},{"@type":"ListItem","position":2,"name":"Leistungen"}]},{"@type":"WebSite","@id":"https:\/\/schulze-uebersetzungen.eu\/de\/#website","url":"https:\/\/schulze-uebersetzungen.eu\/de\/","name":"Schulze \u00dcbersetzungen","description":"Diplomerad \u00d6vers\u00e4ttare Angelika Schulze","publisher":{"@id":"https:\/\/schulze-uebersetzungen.eu\/de\/#organization"},"potentialAction":[{"@type":"SearchAction","target":{"@type":"EntryPoint","urlTemplate":"https:\/\/schulze-uebersetzungen.eu\/de\/?s={search_term_string}"},"query-input":{"@type":"PropertyValueSpecification","valueRequired":true,"valueName":"search_term_string"}}],"inLanguage":"sv-SE"},{"@type":"Organization","@id":"https:\/\/schulze-uebersetzungen.eu\/de\/#organization","name":"Schulze \u00dcbersetzungen","url":"https:\/\/schulze-uebersetzungen.eu\/de\/","logo":{"@type":"ImageObject","inLanguage":"sv-SE","@id":"https:\/\/schulze-uebersetzungen.eu\/de\/#\/schema\/logo\/image\/","url":"https:\/\/schulze-uebersetzungen.eu\/wp-content\/uploads\/2021\/03\/flaggen.png","contentUrl":"https:\/\/schulze-uebersetzungen.eu\/wp-content\/uploads\/2021\/03\/flaggen.png","width":1683,"height":697,"caption":"Schulze \u00dcbersetzungen"},"image":{"@id":"https:\/\/schulze-uebersetzungen.eu\/de\/#\/schema\/logo\/image\/"},"sameAs":["https:\/\/www.xing.com\/profile\/Angelika_Schulze6"],"vatID":"SE651229188801","taxID":"SE651229188801"}]}},"_links":{"self":[{"href":"https:\/\/schulze-uebersetzungen.eu\/sv\/wp-json\/wp\/v2\/pages\/64","targetHints":{"allow":["GET"]}}],"collection":[{"href":"https:\/\/schulze-uebersetzungen.eu\/sv\/wp-json\/wp\/v2\/pages"}],"about":[{"href":"https:\/\/schulze-uebersetzungen.eu\/sv\/wp-json\/wp\/v2\/types\/page"}],"author":[{"embeddable":true,"href":"https:\/\/schulze-uebersetzungen.eu\/sv\/wp-json\/wp\/v2\/users\/1"}],"replies":[{"embeddable":true,"href":"https:\/\/schulze-uebersetzungen.eu\/sv\/wp-json\/wp\/v2\/comments?post=64"}],"version-history":[{"count":11,"href":"https:\/\/schulze-uebersetzungen.eu\/sv\/wp-json\/wp\/v2\/pages\/64\/revisions"}],"predecessor-version":[{"id":190,"href":"https:\/\/schulze-uebersetzungen.eu\/sv\/wp-json\/wp\/v2\/pages\/64\/revisions\/190"}],"wp:attachment":[{"href":"https:\/\/schulze-uebersetzungen.eu\/sv\/wp-json\/wp\/v2\/media?parent=64"}],"curies":[{"name":"wp","href":"https:\/\/api.w.org\/{rel}","templated":true}]}}