{"id":72,"date":"2021-03-18T20:05:18","date_gmt":"2021-03-18T19:05:18","guid":{"rendered":"https:\/\/schulze-uebersetzungen.eu\/?page_id=72"},"modified":"2022-01-17T10:21:52","modified_gmt":"2022-01-17T09:21:52","slug":"preise","status":"publish","type":"page","link":"https:\/\/schulze-uebersetzungen.eu\/sv\/preise\/","title":{"rendered":"Priser"},"content":{"rendered":"<p>Priset f\u00f6r en \u00f6vers\u00e4ttning varierar med avseende p\u00e5 spr\u00e5k, texttyp, sv\u00e5righetsgrad och format. Kostnaden ber\u00e4knas i regel efter rader, ord eller tids\u00e5tg\u00e5ng. En normal rad inneh\u00e5ller 55 tecken (dvs. tangenttryck).<br><br>\u00d6nskas en&nbsp;<a href=\"https:\/\/schulze-uebersetzungen.eu\/sv\/beglaubigung\/\">auktoriserat \u00f6vers\u00e4ttning<\/a>&nbsp;tillkommer en avgift f\u00f6r att bekr\u00e4fta att \u00f6vers\u00e4ttningen \u00e4r en fullst\u00e4ndig och korrekt \u00e5tergivning av k\u00e4lltexten.<br><br>Priset f\u00f6r bearbetning av exempelvis PowerPoint-filer eller korrekturl\u00e4sning av en f\u00e4rdig \u00f6vers\u00e4ttning ber\u00e4knas efter tids\u00e5tg\u00e5ng.<br><br>Om ni mejlar mig det dokument som ska \u00f6vers\u00e4ttas, l\u00e4mnar jag g\u00e4rna ett fast pris.&nbsp;<a href=\"https:\/\/schulze-uebersetzungen.eu\/sv\/kontakt\/\">Kontakt<\/a><\/p>\n\n\n\n<h2 class=\"wp-block-heading\">Leveranss\u00e4tt<\/h2>\n\n\n\n<p>Leverans via e-post \u00e4r kostnadsfri.\n\u00d6nskar ni att en papperskopia skickas till er via ordinarie postg\u00e5ng tillkommer porto.<br><br>Leverans via andra datamedium kan ske p\u00e5 f\u00f6rfr\u00e5gan.<\/p>","protected":false},"excerpt":{"rendered":"<p>Die Preise f\u00fcr eine \u00dcbersetzung variieren je nach Sprache, Textsorte, Schwierigkeitsgrad und Format. Die Berechnung erfolgt in der Regel nach Zeilen, W\u00f6rtern oder dem tats\u00e4chlichen Zeitaufwand. Eine Normzeile enth\u00e4lt 55 Zeichen (d. h. Anschl\u00e4ge auf der Tastatur und somit auch Leerzeichen). Wird eine&nbsp;Beglaubigung&nbsp;gew\u00fcnscht, f\u00e4llt eine Geb\u00fchr f\u00fcr die Best\u00e4tigung der Richtigkeit und Vollst\u00e4ndigkeit an. Die&hellip; <a class=\"more-link\" href=\"https:\/\/schulze-uebersetzungen.eu\/sv\/preise\/\">Forts\u00e4tt l\u00e4sa <span class=\"screen-reader-text\">Priser<\/span><\/a><\/p>","protected":false},"author":1,"featured_media":0,"parent":0,"menu_order":3,"comment_status":"closed","ping_status":"closed","template":"","meta":{"footnotes":""},"class_list":["post-72","page","type-page","status-publish","hentry","entry"],"yoast_head":"<!-- This site is optimized with the Yoast SEO Premium plugin v26.8 (Yoast SEO v26.8) - https:\/\/yoast.com\/product\/yoast-seo-premium-wordpress\/ -->\n<title>Preise - Schulze \u00dcbersetzungen<\/title>\n<meta name=\"robots\" content=\"index, follow, max-snippet:-1, max-image-preview:large, max-video-preview:-1\" \/>\n<link rel=\"canonical\" href=\"https:\/\/schulze-uebersetzungen.eu\/sv\/preise\/\" \/>\n<meta property=\"og:locale\" content=\"sv_SE\" \/>\n<meta property=\"og:type\" content=\"article\" \/>\n<meta property=\"og:title\" content=\"Preise\" \/>\n<meta property=\"og:description\" content=\"Die Preise f\u00fcr eine \u00dcbersetzung variieren je nach Sprache, Textsorte, Schwierigkeitsgrad und Format. Die Berechnung erfolgt in der Regel nach Zeilen, W\u00f6rtern oder dem tats\u00e4chlichen Zeitaufwand. Eine Normzeile enth\u00e4lt 55 Zeichen (d. h. Anschl\u00e4ge auf der Tastatur und somit auch Leerzeichen). Wird eine&nbsp;Beglaubigung&nbsp;gew\u00fcnscht, f\u00e4llt eine Geb\u00fchr f\u00fcr die Best\u00e4tigung der Richtigkeit und Vollst\u00e4ndigkeit an. Die&hellip; Forts\u00e4tt l\u00e4sa Preise\" \/>\n<meta property=\"og:url\" content=\"https:\/\/schulze-uebersetzungen.eu\/sv\/preise\/\" \/>\n<meta property=\"og:site_name\" content=\"Schulze \u00dcbersetzungen\" \/>\n<meta property=\"article:modified_time\" content=\"2022-01-17T09:21:52+00:00\" \/>\n<meta name=\"twitter:card\" content=\"summary_large_image\" \/>\n<meta name=\"twitter:label1\" content=\"Ber\u00e4knad l\u00e4stid\" \/>\n\t<meta name=\"twitter:data1\" content=\"1 minut\" \/>\n<script type=\"application\/ld+json\" class=\"yoast-schema-graph\">{\"@context\":\"https:\/\/schema.org\",\"@graph\":[{\"@type\":\"WebPage\",\"@id\":\"https:\/\/schulze-uebersetzungen.eu\/de\/preise\/\",\"url\":\"https:\/\/schulze-uebersetzungen.eu\/de\/preise\/\",\"name\":\"Preise - Schulze \u00dcbersetzungen\",\"isPartOf\":{\"@id\":\"https:\/\/schulze-uebersetzungen.eu\/de\/#website\"},\"datePublished\":\"2021-03-18T19:05:18+00:00\",\"dateModified\":\"2022-01-17T09:21:52+00:00\",\"breadcrumb\":{\"@id\":\"https:\/\/schulze-uebersetzungen.eu\/de\/preise\/#breadcrumb\"},\"inLanguage\":\"sv-SE\",\"potentialAction\":[{\"@type\":\"ReadAction\",\"target\":[\"https:\/\/schulze-uebersetzungen.eu\/de\/preise\/\"]}]},{\"@type\":\"BreadcrumbList\",\"@id\":\"https:\/\/schulze-uebersetzungen.eu\/de\/preise\/#breadcrumb\",\"itemListElement\":[{\"@type\":\"ListItem\",\"position\":1,\"name\":\"Hem\",\"item\":\"https:\/\/schulze-uebersetzungen.eu\/de\/\"},{\"@type\":\"ListItem\",\"position\":2,\"name\":\"Preise\"}]},{\"@type\":\"WebSite\",\"@id\":\"https:\/\/schulze-uebersetzungen.eu\/de\/#website\",\"url\":\"https:\/\/schulze-uebersetzungen.eu\/de\/\",\"name\":\"Schulze \u00dcbersetzungen\",\"description\":\"Dipl.-\u00dcbersetzerin Angelika Schulze\",\"publisher\":{\"@id\":\"https:\/\/schulze-uebersetzungen.eu\/de\/#organization\"},\"potentialAction\":[{\"@type\":\"SearchAction\",\"target\":{\"@type\":\"EntryPoint\",\"urlTemplate\":\"https:\/\/schulze-uebersetzungen.eu\/de\/?s={search_term_string}\"},\"query-input\":{\"@type\":\"PropertyValueSpecification\",\"valueRequired\":true,\"valueName\":\"search_term_string\"}}],\"inLanguage\":\"sv-SE\"},{\"@type\":\"Organization\",\"@id\":\"https:\/\/schulze-uebersetzungen.eu\/de\/#organization\",\"name\":\"Schulze \u00dcbersetzungen\",\"url\":\"https:\/\/schulze-uebersetzungen.eu\/de\/\",\"logo\":{\"@type\":\"ImageObject\",\"inLanguage\":\"sv-SE\",\"@id\":\"https:\/\/schulze-uebersetzungen.eu\/de\/#\/schema\/logo\/image\/\",\"url\":\"https:\/\/schulze-uebersetzungen.eu\/wp-content\/uploads\/2021\/03\/flaggen.png\",\"contentUrl\":\"https:\/\/schulze-uebersetzungen.eu\/wp-content\/uploads\/2021\/03\/flaggen.png\",\"width\":1683,\"height\":697,\"caption\":\"Schulze \u00dcbersetzungen\"},\"image\":{\"@id\":\"https:\/\/schulze-uebersetzungen.eu\/de\/#\/schema\/logo\/image\/\"},\"sameAs\":[\"https:\/\/www.xing.com\/profile\/Angelika_Schulze6\"],\"vatID\":\"SE651229188801\",\"taxID\":\"SE651229188801\"}]}<\/script>\n<!-- \/ Yoast SEO Premium plugin. -->","yoast_head_json":{"title":"Preise - Schulze \u00dcbersetzungen","robots":{"index":"index","follow":"follow","max-snippet":"max-snippet:-1","max-image-preview":"max-image-preview:large","max-video-preview":"max-video-preview:-1"},"canonical":"https:\/\/schulze-uebersetzungen.eu\/sv\/preise\/","og_locale":"sv_SE","og_type":"article","og_title":"Preise","og_description":"Die Preise f\u00fcr eine \u00dcbersetzung variieren je nach Sprache, Textsorte, Schwierigkeitsgrad und Format. Die Berechnung erfolgt in der Regel nach Zeilen, W\u00f6rtern oder dem tats\u00e4chlichen Zeitaufwand. Eine Normzeile enth\u00e4lt 55 Zeichen (d. h. Anschl\u00e4ge auf der Tastatur und somit auch Leerzeichen). Wird eine&nbsp;Beglaubigung&nbsp;gew\u00fcnscht, f\u00e4llt eine Geb\u00fchr f\u00fcr die Best\u00e4tigung der Richtigkeit und Vollst\u00e4ndigkeit an. Die&hellip; Forts\u00e4tt l\u00e4sa Preise","og_url":"https:\/\/schulze-uebersetzungen.eu\/sv\/preise\/","og_site_name":"Schulze \u00dcbersetzungen","article_modified_time":"2022-01-17T09:21:52+00:00","twitter_card":"summary_large_image","twitter_misc":{"Ber\u00e4knad l\u00e4stid":"1 minut"},"schema":{"@context":"https:\/\/schema.org","@graph":[{"@type":"WebPage","@id":"https:\/\/schulze-uebersetzungen.eu\/de\/preise\/","url":"https:\/\/schulze-uebersetzungen.eu\/de\/preise\/","name":"Preise - Schulze \u00dcbersetzungen","isPartOf":{"@id":"https:\/\/schulze-uebersetzungen.eu\/de\/#website"},"datePublished":"2021-03-18T19:05:18+00:00","dateModified":"2022-01-17T09:21:52+00:00","breadcrumb":{"@id":"https:\/\/schulze-uebersetzungen.eu\/de\/preise\/#breadcrumb"},"inLanguage":"sv-SE","potentialAction":[{"@type":"ReadAction","target":["https:\/\/schulze-uebersetzungen.eu\/de\/preise\/"]}]},{"@type":"BreadcrumbList","@id":"https:\/\/schulze-uebersetzungen.eu\/de\/preise\/#breadcrumb","itemListElement":[{"@type":"ListItem","position":1,"name":"Hem","item":"https:\/\/schulze-uebersetzungen.eu\/de\/"},{"@type":"ListItem","position":2,"name":"Preise"}]},{"@type":"WebSite","@id":"https:\/\/schulze-uebersetzungen.eu\/de\/#website","url":"https:\/\/schulze-uebersetzungen.eu\/de\/","name":"Schulze \u00dcbersetzungen","description":"Diplomerad \u00d6vers\u00e4ttare Angelika Schulze","publisher":{"@id":"https:\/\/schulze-uebersetzungen.eu\/de\/#organization"},"potentialAction":[{"@type":"SearchAction","target":{"@type":"EntryPoint","urlTemplate":"https:\/\/schulze-uebersetzungen.eu\/de\/?s={search_term_string}"},"query-input":{"@type":"PropertyValueSpecification","valueRequired":true,"valueName":"search_term_string"}}],"inLanguage":"sv-SE"},{"@type":"Organization","@id":"https:\/\/schulze-uebersetzungen.eu\/de\/#organization","name":"Schulze \u00dcbersetzungen","url":"https:\/\/schulze-uebersetzungen.eu\/de\/","logo":{"@type":"ImageObject","inLanguage":"sv-SE","@id":"https:\/\/schulze-uebersetzungen.eu\/de\/#\/schema\/logo\/image\/","url":"https:\/\/schulze-uebersetzungen.eu\/wp-content\/uploads\/2021\/03\/flaggen.png","contentUrl":"https:\/\/schulze-uebersetzungen.eu\/wp-content\/uploads\/2021\/03\/flaggen.png","width":1683,"height":697,"caption":"Schulze \u00dcbersetzungen"},"image":{"@id":"https:\/\/schulze-uebersetzungen.eu\/de\/#\/schema\/logo\/image\/"},"sameAs":["https:\/\/www.xing.com\/profile\/Angelika_Schulze6"],"vatID":"SE651229188801","taxID":"SE651229188801"}]}},"_links":{"self":[{"href":"https:\/\/schulze-uebersetzungen.eu\/sv\/wp-json\/wp\/v2\/pages\/72","targetHints":{"allow":["GET"]}}],"collection":[{"href":"https:\/\/schulze-uebersetzungen.eu\/sv\/wp-json\/wp\/v2\/pages"}],"about":[{"href":"https:\/\/schulze-uebersetzungen.eu\/sv\/wp-json\/wp\/v2\/types\/page"}],"author":[{"embeddable":true,"href":"https:\/\/schulze-uebersetzungen.eu\/sv\/wp-json\/wp\/v2\/users\/1"}],"replies":[{"embeddable":true,"href":"https:\/\/schulze-uebersetzungen.eu\/sv\/wp-json\/wp\/v2\/comments?post=72"}],"version-history":[{"count":5,"href":"https:\/\/schulze-uebersetzungen.eu\/sv\/wp-json\/wp\/v2\/pages\/72\/revisions"}],"predecessor-version":[{"id":169,"href":"https:\/\/schulze-uebersetzungen.eu\/sv\/wp-json\/wp\/v2\/pages\/72\/revisions\/169"}],"wp:attachment":[{"href":"https:\/\/schulze-uebersetzungen.eu\/sv\/wp-json\/wp\/v2\/media?parent=72"}],"curies":[{"name":"wp","href":"https:\/\/api.w.org\/{rel}","templated":true}]}}