{"id":77,"date":"2021-03-18T20:23:44","date_gmt":"2021-03-18T19:23:44","guid":{"rendered":"https:\/\/schulze-uebersetzungen.eu\/?page_id=77"},"modified":"2021-03-18T23:37:24","modified_gmt":"2021-03-18T22:37:24","slug":"kontakt","status":"publish","type":"page","link":"https:\/\/schulze-uebersetzungen.eu\/sv\/kontakt\/","title":{"rendered":"Kontakt"},"content":{"rendered":"<p>Angelika Schulze<br>Dipl.-\u00dcbersetzerin<br>Kabelstigen 13G<br>SE &#8211; 574 37 Vetlanda<\/p>\n\n\n\n<p>Mejla mig:<br><a href=\"mailto:info@schulze-uebersetzungen.eu\">info@schulze-uebersetzungen.eu<\/a><\/p>\n\n\n\n<div class=\"wp-block-image\"><figure class=\"alignleft\"><a href=\"https:\/\/www.xing.com\/profile\/Angelika_Schulze6\" target=\"_blank\" rel=\"noreferrer noopener\"><img decoding=\"async\" src=\"https:\/\/www.xing.com\/img\/buttons\/5_de_btn.gif\" alt=\"Angelika Schulze\"\/><\/a><\/figure><\/div>","protected":false},"excerpt":{"rendered":"<p>Angelika SchulzeDipl.-\u00dcbersetzerinKabelstigen 13GSE &#8211; 574 37 Vetlanda Schreiben Sie mir:info@schulze-uebersetzungen.eu<\/p>","protected":false},"author":1,"featured_media":0,"parent":0,"menu_order":5,"comment_status":"closed","ping_status":"closed","template":"","meta":{"footnotes":""},"class_list":["post-77","page","type-page","status-publish","hentry","entry"],"yoast_head":"<!-- This site is optimized with the Yoast SEO Premium plugin v26.8 (Yoast SEO v26.8) - https:\/\/yoast.com\/product\/yoast-seo-premium-wordpress\/ -->\n<title>Kontakt - Schulze \u00dcbersetzungen<\/title>\n<meta name=\"robots\" content=\"index, follow, max-snippet:-1, max-image-preview:large, max-video-preview:-1\" \/>\n<link rel=\"canonical\" href=\"https:\/\/schulze-uebersetzungen.eu\/sv\/kontakt\/\" \/>\n<meta property=\"og:locale\" content=\"sv_SE\" \/>\n<meta property=\"og:type\" content=\"article\" \/>\n<meta property=\"og:title\" content=\"Kontakt\" \/>\n<meta property=\"og:description\" content=\"Angelika SchulzeDipl.-\u00dcbersetzerinKabelstigen 13GSE &#8211; 574 37 Vetlanda Schreiben Sie mir:info@schulze-uebersetzungen.eu\" \/>\n<meta property=\"og:url\" content=\"https:\/\/schulze-uebersetzungen.eu\/sv\/kontakt\/\" \/>\n<meta property=\"og:site_name\" content=\"Schulze \u00dcbersetzungen\" \/>\n<meta property=\"article:modified_time\" content=\"2021-03-18T22:37:24+00:00\" \/>\n<meta property=\"og:image\" content=\"https:\/\/www.xing.com\/img\/buttons\/5_de_btn.gif\" \/>\n<meta name=\"twitter:card\" content=\"summary_large_image\" \/>\n<script type=\"application\/ld+json\" class=\"yoast-schema-graph\">{\"@context\":\"https:\/\/schema.org\",\"@graph\":[{\"@type\":\"WebPage\",\"@id\":\"https:\/\/schulze-uebersetzungen.eu\/de\/kontakt\/\",\"url\":\"https:\/\/schulze-uebersetzungen.eu\/de\/kontakt\/\",\"name\":\"Kontakt - Schulze \u00dcbersetzungen\",\"isPartOf\":{\"@id\":\"https:\/\/schulze-uebersetzungen.eu\/de\/#website\"},\"primaryImageOfPage\":{\"@id\":\"https:\/\/schulze-uebersetzungen.eu\/de\/kontakt\/#primaryimage\"},\"image\":{\"@id\":\"https:\/\/schulze-uebersetzungen.eu\/de\/kontakt\/#primaryimage\"},\"thumbnailUrl\":\"https:\/\/www.xing.com\/img\/buttons\/5_de_btn.gif\",\"datePublished\":\"2021-03-18T19:23:44+00:00\",\"dateModified\":\"2021-03-18T22:37:24+00:00\",\"breadcrumb\":{\"@id\":\"https:\/\/schulze-uebersetzungen.eu\/de\/kontakt\/#breadcrumb\"},\"inLanguage\":\"sv-SE\",\"potentialAction\":[{\"@type\":\"ReadAction\",\"target\":[\"https:\/\/schulze-uebersetzungen.eu\/de\/kontakt\/\"]}]},{\"@type\":\"ImageObject\",\"inLanguage\":\"sv-SE\",\"@id\":\"https:\/\/schulze-uebersetzungen.eu\/de\/kontakt\/#primaryimage\",\"url\":\"https:\/\/www.xing.com\/img\/buttons\/5_de_btn.gif\",\"contentUrl\":\"https:\/\/www.xing.com\/img\/buttons\/5_de_btn.gif\"},{\"@type\":\"BreadcrumbList\",\"@id\":\"https:\/\/schulze-uebersetzungen.eu\/de\/kontakt\/#breadcrumb\",\"itemListElement\":[{\"@type\":\"ListItem\",\"position\":1,\"name\":\"Hem\",\"item\":\"https:\/\/schulze-uebersetzungen.eu\/de\/\"},{\"@type\":\"ListItem\",\"position\":2,\"name\":\"Kontakt\"}]},{\"@type\":\"WebSite\",\"@id\":\"https:\/\/schulze-uebersetzungen.eu\/de\/#website\",\"url\":\"https:\/\/schulze-uebersetzungen.eu\/de\/\",\"name\":\"Schulze \u00dcbersetzungen\",\"description\":\"Dipl.-\u00dcbersetzerin Angelika Schulze\",\"publisher\":{\"@id\":\"https:\/\/schulze-uebersetzungen.eu\/de\/#organization\"},\"potentialAction\":[{\"@type\":\"SearchAction\",\"target\":{\"@type\":\"EntryPoint\",\"urlTemplate\":\"https:\/\/schulze-uebersetzungen.eu\/de\/?s={search_term_string}\"},\"query-input\":{\"@type\":\"PropertyValueSpecification\",\"valueRequired\":true,\"valueName\":\"search_term_string\"}}],\"inLanguage\":\"sv-SE\"},{\"@type\":\"Organization\",\"@id\":\"https:\/\/schulze-uebersetzungen.eu\/de\/#organization\",\"name\":\"Schulze \u00dcbersetzungen\",\"url\":\"https:\/\/schulze-uebersetzungen.eu\/de\/\",\"logo\":{\"@type\":\"ImageObject\",\"inLanguage\":\"sv-SE\",\"@id\":\"https:\/\/schulze-uebersetzungen.eu\/de\/#\/schema\/logo\/image\/\",\"url\":\"https:\/\/schulze-uebersetzungen.eu\/wp-content\/uploads\/2021\/03\/flaggen.png\",\"contentUrl\":\"https:\/\/schulze-uebersetzungen.eu\/wp-content\/uploads\/2021\/03\/flaggen.png\",\"width\":1683,\"height\":697,\"caption\":\"Schulze \u00dcbersetzungen\"},\"image\":{\"@id\":\"https:\/\/schulze-uebersetzungen.eu\/de\/#\/schema\/logo\/image\/\"},\"sameAs\":[\"https:\/\/www.xing.com\/profile\/Angelika_Schulze6\"],\"vatID\":\"SE651229188801\",\"taxID\":\"SE651229188801\"}]}<\/script>\n<!-- \/ Yoast SEO Premium plugin. -->","yoast_head_json":{"title":"Kontakt - Schulze \u00dcbersetzungen","robots":{"index":"index","follow":"follow","max-snippet":"max-snippet:-1","max-image-preview":"max-image-preview:large","max-video-preview":"max-video-preview:-1"},"canonical":"https:\/\/schulze-uebersetzungen.eu\/sv\/kontakt\/","og_locale":"sv_SE","og_type":"article","og_title":"Kontakt","og_description":"Angelika SchulzeDipl.-\u00dcbersetzerinKabelstigen 13GSE &#8211; 574 37 Vetlanda Schreiben Sie mir:info@schulze-uebersetzungen.eu","og_url":"https:\/\/schulze-uebersetzungen.eu\/sv\/kontakt\/","og_site_name":"Schulze \u00dcbersetzungen","article_modified_time":"2021-03-18T22:37:24+00:00","og_image":[{"url":"https:\/\/www.xing.com\/img\/buttons\/5_de_btn.gif","type":"","width":"","height":""}],"twitter_card":"summary_large_image","schema":{"@context":"https:\/\/schema.org","@graph":[{"@type":"WebPage","@id":"https:\/\/schulze-uebersetzungen.eu\/de\/kontakt\/","url":"https:\/\/schulze-uebersetzungen.eu\/de\/kontakt\/","name":"Kontakt - Schulze \u00dcbersetzungen","isPartOf":{"@id":"https:\/\/schulze-uebersetzungen.eu\/de\/#website"},"primaryImageOfPage":{"@id":"https:\/\/schulze-uebersetzungen.eu\/de\/kontakt\/#primaryimage"},"image":{"@id":"https:\/\/schulze-uebersetzungen.eu\/de\/kontakt\/#primaryimage"},"thumbnailUrl":"https:\/\/www.xing.com\/img\/buttons\/5_de_btn.gif","datePublished":"2021-03-18T19:23:44+00:00","dateModified":"2021-03-18T22:37:24+00:00","breadcrumb":{"@id":"https:\/\/schulze-uebersetzungen.eu\/de\/kontakt\/#breadcrumb"},"inLanguage":"sv-SE","potentialAction":[{"@type":"ReadAction","target":["https:\/\/schulze-uebersetzungen.eu\/de\/kontakt\/"]}]},{"@type":"ImageObject","inLanguage":"sv-SE","@id":"https:\/\/schulze-uebersetzungen.eu\/de\/kontakt\/#primaryimage","url":"https:\/\/www.xing.com\/img\/buttons\/5_de_btn.gif","contentUrl":"https:\/\/www.xing.com\/img\/buttons\/5_de_btn.gif"},{"@type":"BreadcrumbList","@id":"https:\/\/schulze-uebersetzungen.eu\/de\/kontakt\/#breadcrumb","itemListElement":[{"@type":"ListItem","position":1,"name":"Hem","item":"https:\/\/schulze-uebersetzungen.eu\/de\/"},{"@type":"ListItem","position":2,"name":"Kontakt"}]},{"@type":"WebSite","@id":"https:\/\/schulze-uebersetzungen.eu\/de\/#website","url":"https:\/\/schulze-uebersetzungen.eu\/de\/","name":"Schulze \u00dcbersetzungen","description":"Diplomerad \u00d6vers\u00e4ttare Angelika Schulze","publisher":{"@id":"https:\/\/schulze-uebersetzungen.eu\/de\/#organization"},"potentialAction":[{"@type":"SearchAction","target":{"@type":"EntryPoint","urlTemplate":"https:\/\/schulze-uebersetzungen.eu\/de\/?s={search_term_string}"},"query-input":{"@type":"PropertyValueSpecification","valueRequired":true,"valueName":"search_term_string"}}],"inLanguage":"sv-SE"},{"@type":"Organization","@id":"https:\/\/schulze-uebersetzungen.eu\/de\/#organization","name":"Schulze \u00dcbersetzungen","url":"https:\/\/schulze-uebersetzungen.eu\/de\/","logo":{"@type":"ImageObject","inLanguage":"sv-SE","@id":"https:\/\/schulze-uebersetzungen.eu\/de\/#\/schema\/logo\/image\/","url":"https:\/\/schulze-uebersetzungen.eu\/wp-content\/uploads\/2021\/03\/flaggen.png","contentUrl":"https:\/\/schulze-uebersetzungen.eu\/wp-content\/uploads\/2021\/03\/flaggen.png","width":1683,"height":697,"caption":"Schulze \u00dcbersetzungen"},"image":{"@id":"https:\/\/schulze-uebersetzungen.eu\/de\/#\/schema\/logo\/image\/"},"sameAs":["https:\/\/www.xing.com\/profile\/Angelika_Schulze6"],"vatID":"SE651229188801","taxID":"SE651229188801"}]}},"_links":{"self":[{"href":"https:\/\/schulze-uebersetzungen.eu\/sv\/wp-json\/wp\/v2\/pages\/77","targetHints":{"allow":["GET"]}}],"collection":[{"href":"https:\/\/schulze-uebersetzungen.eu\/sv\/wp-json\/wp\/v2\/pages"}],"about":[{"href":"https:\/\/schulze-uebersetzungen.eu\/sv\/wp-json\/wp\/v2\/types\/page"}],"author":[{"embeddable":true,"href":"https:\/\/schulze-uebersetzungen.eu\/sv\/wp-json\/wp\/v2\/users\/1"}],"replies":[{"embeddable":true,"href":"https:\/\/schulze-uebersetzungen.eu\/sv\/wp-json\/wp\/v2\/comments?post=77"}],"version-history":[{"count":2,"href":"https:\/\/schulze-uebersetzungen.eu\/sv\/wp-json\/wp\/v2\/pages\/77\/revisions"}],"predecessor-version":[{"id":108,"href":"https:\/\/schulze-uebersetzungen.eu\/sv\/wp-json\/wp\/v2\/pages\/77\/revisions\/108"}],"wp:attachment":[{"href":"https:\/\/schulze-uebersetzungen.eu\/sv\/wp-json\/wp\/v2\/media?parent=77"}],"curies":[{"name":"wp","href":"https:\/\/api.w.org\/{rel}","templated":true}]}}